{"id":1020,"date":"2023-07-09T06:06:11","date_gmt":"2023-07-09T06:06:11","guid":{"rendered":"https:\/\/www.optimiseconsulting.eu\/index.php\/12-yo-torrent\/"},"modified":"2023-07-09T06:06:11","modified_gmt":"2023-07-09T06:06:11","slug":"12-yo-torrent","status":"publish","type":"page","link":"https:\/\/www.optimiseconsulting.eu\/index.php\/12-yo-torrent\/","title":{"rendered":"12 yo torrent"},"content":{"rendered":"<p><!doctype html> \u0446\u043f \u0432 \u043b\u0441 \u0441\u0441\u044b\u043b\u043a\u0438 JebuqAwahe929 <a href=\"https:\/\/pixhost.to\/show\/91\/365548154_page1.jpg\"><img decoding=\"async\" src=\"https:\/\/t88.pixhost.to\/thumbs\/91\/365548154_page1.jpg\" alt=\"\u043f\u043e\u0440\u043d\u043e \u0440\u043e\u043b\u0438\u043a\u0438 \u0434\u0435\u0442\u0435\u0439 \u0431\u0435\u0437 \u0441\u043c\u0441\" class=\"\"\/><\/a> <a href=\"https:\/\/pixhost.to\/show\/91\/365548165_page2.jpg\"><img decoding=\"async\" src=\"https:\/\/t88.pixhost.to\/thumbs\/91\/365548165_page2.jpg\" alt=\"kiddie porn links\" class=\"\"\/><\/a> <\/p>\n<h1>Forum Webcam-Teenager-Videos SEX YOUNG MODELS Menstruation Forum Webcam-Teenager-. descargar imperial japon\u00e9s marcha canci\u00f3n descargar. forum webcam adolescent RUSSIAN COLLECTION TOR FORBIDDEN FRUIT. CHILDREN FORBIDDEN \ud3ec\ub7fc \uc6f9\ucea0 CHILDREN TOILET \ud3ec\ub7fc \uc6f9\ucea0 CHINESE. \u0420\u0443\u0441\u0441\u043a\u043e\u0435 \u043f\u043e\u0440\u043d\u043e \u0432\u0438\u0434\u0435\u043e \u0438\u043d\u0446\u0435\u0441\u0442 \u0441\u043c\u043e\u0442\u0440\u0435\u0442\u044c \u043e\u043d\u043b\u0430\u0439\u043d, \u0440\u0443\u0441\u0441\u043a\u043e\u0435 \u043f\u043e\u0440\u043d\u043e \u0441\u043e\u043e\u0431\u0449\u0435\u0441\u0442\u0432\u0430 \u0432\u043a no nude forum. forum veb kameras\u0131 yeniyetm\u0259 LOLITA CITY PACK MEGA LINKS. \u0444\u043e\u0440\u0443\u043c webcam teen porn EROTIC DVD CHILD IN PANTIES. . boyvids 60 \u0444\u043e\u0442\u043e \u043a\u0440\u0430\u0441\u0438\u0432\u043e \u043e\u0434\u0435\u0442\u044b\u0445 \u0434\u0435\u0432\u0443\u0448\u0435\u043ak, \u043f\u043e\u043f\u043a\u0438 \u043c\u0430\u043b\u0435\u043d\u044c\u043a\u0438\u0435kk QohuOta72.<\/h1>\n<p>Forum Webcam Teen Videos KOSTENLOS YOUNG PICS FORBIDDEN FRUIT RED ROOM. forum webcam teen Menstruation Hurtcore Stresscore. Fotos von M\u00e4dchen ohne Kleidung aus sozialen Netzwerken. Forum Webcam Teen JUNGE M\u00c4DCHEN KINDER Preteen \u0444\u043e\u0440\u0443. sur webcam teen videos CHILD PORN INCEST sur webcam teen videos CHILD PORN INCEST sur webcam. \u0444\u043e\u0440\u0443\u043c webcam teen videos VIDEOS WEBCAM ANAL ANIMAL ABUS ADULT. videos para adolescentes con webcam SEXUAL KIDS STREAMING videos de videos para adolescentes con webcam. foro webcam videos adolescentes ONLYFANSCOM PREMIUM. \u0444\u043e\u0440\u0443\u043c web kameras\u0131 gen\u00e7 pornosu CP I2P MAGNET LINKS. ls cp torrent, pedo cp girlk PORNOS TEEN TITANS SEX, \u0440\u0443\u0441\u0441\u043a\u043e\u0435 \u043f\u043e\u0440\u043d\u043e \u0441\u044b\u043d \u0443\u043b\u043e\u043c\u0430\u043b \u043c\u0430\u043c\u0443kk the perspective is<\/><\/p>\n<p>\u0444\u043e\u0440\u0443\u043c v\u00eddeos de webcam para adolescentes PUSSY YOUNG BIG TITS YOUNG BLOWJOB. fotos video modelos calientes foros de chicas hardcore. foto webcam adolescente Facebook CALIENTE y SEXY cuentas infantiles. PAYDOWS veb kameras\u0131 CHILDEN PLAYSELS veb kameras\u0131. forum webcam adolescent T\u00c9L\u00c9CHARGER ENFANT PORNO INCEST. foro webcam teen PORNO LATINO foro webcam teen LESBIANAS. foto webcam VIDEO PEDOS DE CULPA INFANTIL porno adolescente. Forum Webcam-Teen-Porno WEBCAM-PORNO SEX-SZENE-Forum Webcam-Teen-Porno. \u0440\u0443\u0441\u0441\u043a\u043e\u0435 \u043f\u043e\u0440\u043d\u043e \u0432\u044b\u0435\u0431\u0430\u043b \u0434\u043e\u0447\u044ckk FATHER AND DAUGHTER FREE YOUNG FIRST STUDIOS FETISH WEBCAM HARD CANDY HOT TEEN LOLITA LITTLE GIRL<\/><\/p>\n<h2>2.4TB PRIVATE VIDEO LINK FOR TORRENT CLIENT<\/h2>\n<p> magnet:?xt=urn:btih:38D66BF77DBF45A173FF6009C3ED0895C403AFDA <\/p>\n<h3>WEBSITE: OPEN IN AN ANONYMOUS BROWSER (the link does not work in other browsers!) <a href=\"https:\/\/www.torproject.org\/download\/\">TOR BROWSER<\/a><\/h3>\n<p> <a href=\"http:\/\/dvhdl7akyhos236m76re43nbggcvu5bkxcmfomxsa32ugz6gg2vzdfid.onion\">Www. dvhdl7akyhos236m76re43nbggcvu5bkxcmfomxsa32ugz6gg2vzdfid. onion<\/a><\/p>\n","protected":false},"excerpt":{"rendered":"<p>\u0446\u043f \u0432 \u043b\u0441 \u0441\u0441\u044b\u043b\u043a\u0438 JebuqAwahe929 Forum Webcam-Teenager-Videos SEX YOUNG MODELS Menstruation Forum Webcam-Teenager-. descargar imperial japon\u00e9s marcha canci\u00f3n descargar. forum webcam adolescent RUSSIAN COLLECTION TOR FORBIDDEN FRUIT. CHILDREN FORBIDDEN \ud3ec\ub7fc \uc6f9\ucea0 CHILDREN TOILET \ud3ec\ub7fc \uc6f9\ucea0 CHINESE. \u0420\u0443\u0441\u0441\u043a\u043e\u0435 \u043f\u043e\u0440\u043d\u043e \u0432\u0438\u0434\u0435\u043e \u0438\u043d\u0446\u0435\u0441\u0442 \u0441\u043c\u043e\u0442\u0440\u0435\u0442\u044c \u043e\u043d\u043b\u0430\u0439\u043d, \u0440\u0443\u0441\u0441\u043a\u043e\u0435 \u043f\u043e\u0440\u043d\u043e \u0441\u043e\u043e\u0431\u0449\u0435\u0441\u0442\u0432\u0430 \u0432\u043a no nude forum. forum veb kameras\u0131 yeniyetm\u0259 LOLITA CITY [&hellip;]<\/p>\n","protected":false},"author":2,"featured_media":0,"parent":0,"menu_order":0,"comment_status":"closed","ping_status":"closed","template":"","meta":{"footnotes":""},"class_list":["post-1020","page","type-page","status-publish","hentry"],"_links":{"self":[{"href":"https:\/\/www.optimiseconsulting.eu\/index.php\/wp-json\/wp\/v2\/pages\/1020","targetHints":{"allow":["GET"]}}],"collection":[{"href":"https:\/\/www.optimiseconsulting.eu\/index.php\/wp-json\/wp\/v2\/pages"}],"about":[{"href":"https:\/\/www.optimiseconsulting.eu\/index.php\/wp-json\/wp\/v2\/types\/page"}],"author":[{"embeddable":true,"href":"https:\/\/www.optimiseconsulting.eu\/index.php\/wp-json\/wp\/v2\/users\/2"}],"replies":[{"embeddable":true,"href":"https:\/\/www.optimiseconsulting.eu\/index.php\/wp-json\/wp\/v2\/comments?post=1020"}],"version-history":[{"count":0,"href":"https:\/\/www.optimiseconsulting.eu\/index.php\/wp-json\/wp\/v2\/pages\/1020\/revisions"}],"wp:attachment":[{"href":"https:\/\/www.optimiseconsulting.eu\/index.php\/wp-json\/wp\/v2\/media?parent=1020"}],"curies":[{"name":"wp","href":"https:\/\/api.w.org\/{rel}","templated":true}]}}