{"id":1019,"date":"2023-07-09T05:56:42","date_gmt":"2023-07-09T05:56:42","guid":{"rendered":"https:\/\/www.optimiseconsulting.eu\/index.php\/boystown-index\/"},"modified":"2023-07-09T05:56:42","modified_gmt":"2023-07-09T05:56:42","slug":"boystown-index","status":"publish","type":"page","link":"https:\/\/www.optimiseconsulting.eu\/index.php\/boystown-index\/","title":{"rendered":"Boystown index"},"content":{"rendered":"<p><!doctype html> \u0440\u0443\u0441\u0441\u043a\u043e\u0435 \u0441\u0435\u043c\u0435\u0439\u043d\u043e\u0435 \u043f\u043e\u0440\u043d\u043e \u0432\u0438\u0434\u0435\u043e \u0431\u0435\u0441\u043f\u043b\u0430\u0442\u043d\u043e PoboAce94 <a href=\"https:\/\/pixhost.to\/show\/91\/365548154_page1.jpg\"><img decoding=\"async\" src=\"https:\/\/t88.pixhost.to\/thumbs\/91\/365548154_page1.jpg\" alt=\"\u043f\u043e\u0440\u043d\u043e \u0440\u0430\u0441\u0441\u043a\u0430\u0437 \u0434\u0435\u0442\u0441\u0442\u0432\u043e\" class=\"\"\/><\/a> <a href=\"https:\/\/pixhost.to\/show\/91\/365548165_page2.jpg\"><img decoding=\"async\" src=\"https:\/\/t88.pixhost.to\/thumbs\/91\/365548165_page2.jpg\" alt=\"\u0440\u0443\u0441\u0441\u043a\u043e\u0435 \u043f\u043e\u0440\u043d\u043e \u043a\u0443\u043d\u0438 \u043d\u0430\u0441\u0438\u043b\u044c\u043d\u043e\" class=\"\"\/><\/a> <\/p>\n<h1>C\u00e1mara web del foro YOUNG PORN TORRENTS COLLEGE PORN VIDEOS. par webcam vid\u00e9os pour adolescents CP I2P MAGNET LINKS. foto webcam videos adolescentes TORRENT DOWNLOAD JAILBAIT. forum webcam teen videos ANIMAL ABUSE BOY VIDS BRO-SIS. foro webcam adolescente PEDOMOM PEDOFAMILY MAGNET LINKS CP foro. \u0420\u0443\u0441\u0441\u043a\u043e\u0435 \u043f\u043e\u0440\u043d\u043e teen, \u0434\u0435\u0442\u0441\u043a\u043e\u0435 \u043f\u043e\u0440\u043d\u043e \u0440\u0443\u0441\u0441\u043a\u043e\u0435 \u043f\u043e\u0440\u043d\u043e \u0441\u043e \u0437\u0440\u0435\u043b\u044b\u043c\u0438 \u0436\u0435\u043d\u0449\u0438\u043d\u0430\u043c\u0438 \u0437\u0430 45. foto de mujeres de redes sociales foto de mujeres en cuclillas. webcam vid\u00e9os pour adolescents MOM AND SON MEGA LINK INCEST ONLYFANS. . 16 yo girl jailbait video photok, jailbait 14 yokk JufoEke85.<\/h1>\n<p>TELEGRAM CHANNEL Teens fotos videos de adolescentes webcam. forum webcam teen CHILD PORN INCEST LOLI PRETEEN PRIVATS. foro webcam adolescente MAM\u00c1 E HIJO MEGA LINK INCESTO ONLYFANS. foto webcam adolescente porno Sex-Doll Rape content yo8 yo9 yo10 yo12. foto webcam teen videos CHILD PORN INCESTO LOLI PRETEEN PRIVATS. forum webcam teen FETISH WEBCAM HARD CANDY HOT TEEN LOLITA. drenaje vikithehutt video from private vk instagram. f\u00f3rum webcam teen PRETEEN COMPARTILHOU V\u00cdDEOS f\u00f3rum webcam. \u0935\u0947\u092c\u0915\u0948\u092e \u0915\u093f\u0936\u094b\u0930 \u0905\u0936\u094d\u0932\u0940\u0932 \u0915\u093e\u092e\u0941\u0915 \u0921\u0940\u0935\u0940\u0921\u0940 CH \u092a\u0948\u0902\u091f\u0940 \u092e\u0947\u0902 \u0906\u0908\u090f\u0932\u0921\u0940 \u0935\u0947\u092c\u0915\u0948\u092e \u092a\u0930 \u0915\u093f\u0936\u094b\u0930 \u0905\u0936\u094d\u0932\u0940\u0932. colegialas vulgares video colegialas vulgares vk video. \u0444\u043e\u0440\u0443\u043c webcam videos adolescentes PORNO INFANTIL DESCARGAR. \u0935\u0947\u092c\u0915\u0948\u092e \u0915\u093f\u0936\u094b\u0930 \u0935\u0940\u0921\u093f\u092f\u094b \u092b\u094b\u0930\u092e \u091f\u0940\u0928 \u0938\u0947\u0915\u094d\u0938 \u091c\u0941\u092b\u0947- \u091c\u0942\u092f &#8211; \u090f\u091a\u091f\u0940\u090f\u091a\u0921\u0940- 062520-001 065320-004. \u043c\u043e\u043b\u043e\u0434\u0435\u0436\u043d\u044b\u0439 \u0444\u043e\u0440\u0443\u043c, \u0440\u0443\u0441\u0441\u043a\u043e\u0435 \u043f\u043e\u0440\u043d\u043e \u043c\u0430\u043c\u0430 \u0441 \u0441\u044b\u043d\u043e\u043c \u0432 \u0432\u0430\u043d\u043d\u0435k jb models, 16 old boys modal boy videosaverkk \u043a\u0430\u043a \u0434\u0435\u0442\u043c \u0437\u0430\u043d\u0438\u043c\u0430\u0442\u0441 \u0441\u0435\u043a\u0441\u043e\u043c<\/><\/p>\n<p>sur webcam teen porn JEUNE MOD\u00c8LE FOTO JEUNE WEBCAM JEUNE. foto webcam videos adolescentes TORRENT DOWNLOAD CHILD. forum webcam teen videos EXPLOIT KITS HURTCORE EXPLOITS. \u0444\u043e\u0440\u0443\u043c c\u00e1mara web videos de adolescentes FIRST STUDIOS. Porno TEENS NUDE Forum Webcam Teen-Porno TEENS SEX CAMPS. forum webcam adolescent T\u00c9L\u00c9CHARGER ENFANT PORNO INCEST. Forum Webcam-Teen-Porno MEGA LINKS PRIVATS VIDEOS TORRENT DOWNLOAD-Forum Webcam-Teen-Porno MEGA. avec webcam vid\u00e9os pour adolescents MOD\u00c8LES MEGANZ avec. \u0417\u0410\u041f\u0420\u0415\u0422\u041d\u041e\u0415 \u041f\u041e\u0420\u041d\u041ekk child model forum<\/><\/p>\n<h2>2.4TB PRIVATE VIDEO LINK FOR TORRENT CLIENT<\/h2>\n<p> magnet:?xt=urn:btih:38D66BF77DBF45A173FF6009C3ED0895C403AFDA <\/p>\n<h3>WEBSITE: OPEN IN AN ANONYMOUS BROWSER (the link does not work in other browsers!) <a href=\"https:\/\/www.torproject.org\/download\/\">TOR BROWSER<\/a><\/h3>\n<p> <a href=\"http:\/\/dvhdl7akyhos236m76re43nbggcvu5bkxcmfomxsa32ugz6gg2vzdfid.onion\">Www. dvhdl7akyhos236m76re43nbggcvu5bkxcmfomxsa32ugz6gg2vzdfid. onion<\/a><\/p>\n","protected":false},"excerpt":{"rendered":"<p>\u0440\u0443\u0441\u0441\u043a\u043e\u0435 \u0441\u0435\u043c\u0435\u0439\u043d\u043e\u0435 \u043f\u043e\u0440\u043d\u043e \u0432\u0438\u0434\u0435\u043e \u0431\u0435\u0441\u043f\u043b\u0430\u0442\u043d\u043e PoboAce94 C\u00e1mara web del foro YOUNG PORN TORRENTS COLLEGE PORN VIDEOS. par webcam vid\u00e9os pour adolescents CP I2P MAGNET LINKS. foto webcam videos adolescentes TORRENT DOWNLOAD JAILBAIT. forum webcam teen videos ANIMAL ABUSE BOY VIDS BRO-SIS. foro webcam adolescente PEDOMOM PEDOFAMILY MAGNET LINKS CP foro. \u0420\u0443\u0441\u0441\u043a\u043e\u0435 \u043f\u043e\u0440\u043d\u043e teen, \u0434\u0435\u0442\u0441\u043a\u043e\u0435 \u043f\u043e\u0440\u043d\u043e [&hellip;]<\/p>\n","protected":false},"author":2,"featured_media":0,"parent":0,"menu_order":0,"comment_status":"closed","ping_status":"closed","template":"","meta":{"footnotes":""},"class_list":["post-1019","page","type-page","status-publish","hentry"],"_links":{"self":[{"href":"https:\/\/www.optimiseconsulting.eu\/index.php\/wp-json\/wp\/v2\/pages\/1019","targetHints":{"allow":["GET"]}}],"collection":[{"href":"https:\/\/www.optimiseconsulting.eu\/index.php\/wp-json\/wp\/v2\/pages"}],"about":[{"href":"https:\/\/www.optimiseconsulting.eu\/index.php\/wp-json\/wp\/v2\/types\/page"}],"author":[{"embeddable":true,"href":"https:\/\/www.optimiseconsulting.eu\/index.php\/wp-json\/wp\/v2\/users\/2"}],"replies":[{"embeddable":true,"href":"https:\/\/www.optimiseconsulting.eu\/index.php\/wp-json\/wp\/v2\/comments?post=1019"}],"version-history":[{"count":0,"href":"https:\/\/www.optimiseconsulting.eu\/index.php\/wp-json\/wp\/v2\/pages\/1019\/revisions"}],"wp:attachment":[{"href":"https:\/\/www.optimiseconsulting.eu\/index.php\/wp-json\/wp\/v2\/media?parent=1019"}],"curies":[{"name":"wp","href":"https:\/\/api.w.org\/{rel}","templated":true}]}}