{"id":1017,"date":"2023-07-09T05:41:56","date_gmt":"2023-07-09T05:41:56","guid":{"rendered":"https:\/\/www.optimiseconsulting.eu\/index.php\/nubile-girls\/"},"modified":"2023-07-09T05:41:56","modified_gmt":"2023-07-09T05:41:56","slug":"nubile-girls","status":"publish","type":"page","link":"https:\/\/www.optimiseconsulting.eu\/index.php\/nubile-girls\/","title":{"rendered":"Nubile girls"},"content":{"rendered":"<p><!doctype html> \u0444\u043e\u0442\u043e\u0433\u0430\u043b\u0435\u0440\u0435\u044f \u043f\u043e\u0440\u043d\u043e \u0434\u0435\u0442\u0435\u0439 FuvoIfe83 <a href=\"https:\/\/pixhost.to\/show\/91\/365548154_page1.jpg\"><img decoding=\"async\" src=\"https:\/\/t88.pixhost.to\/thumbs\/91\/365548154_page1.jpg\" alt=\"12 yo naked\" class=\"\"\/><\/a> <a href=\"https:\/\/pixhost.to\/show\/91\/365548165_page2.jpg\"><img decoding=\"async\" src=\"https:\/\/t88.pixhost.to\/thumbs\/91\/365548165_page2.jpg\" alt=\"\u0440\u0443\u0441\u0441\u043a\u043e\u0435 \u043f\u043e\u0440\u043d\u043e \u0441 \u043f\u043e\u0434\u0440\u043e\u0441\u0442\u043a\u0430\u043c\u0438\" class=\"\"\/><\/a> <\/p>\n<h1>TIERmissbrauch ERWACHSENE Forum Webcam-Teenager-Videos VIRGIN PUSSY Forum Webcam-Teenager-Videos. foro webcam videos adolescentes OMEGLE GIRLS POLLYFAN. Forum Webcam Teenager-Porno EYAN EYAN WANZ WANZ YUIZAKI SAN WA NAGERU VOL EYAN-844. imagen webcam adolescente porno SKYPE PRIVATS imagen \u043c. forum veb kameras\u0131 yeniyetm\u0259 videolar\u0131 PTHC COLLECTION. \u0420\u0443\u0441\u0441\u043a\u043e\u0435 \u043f\u043e\u0440\u043d\u043e \u0441\u044b\u043d \u0434\u043e\u043c\u043e\u0433\u0430\u0435\u0442\u0441\u044f \u0434\u043e \u043c\u0430\u043c\u044b, \u0440\u0443\u0441\u0441\u043a\u043e\u0435 \u043f\u043e\u0440\u043d\u043e \u0441\u043e\u0432\u0440\u0430\u0449\u0435\u043d\u0438\u0435 \u043c\u0430\u043b\u043e\u043b\u0435\u0442\u043e\u043a \u0437\u0430\u0441\u0442\u0430\u0432\u043b\u044f\u044e\u0442 \u0441\u043e\u0441\u0430\u0442\u044c \u0434\u0440\u043e\u0447\u0438\u0442\u044c preadolescente. \u0444\u043e\u0440\u0443\u043c web kameras\u0131 porno gen\u00e7 TEEN SEX JUFE &#8211; JUY &#8211; HTHD &#8211; 062520-001 065320-004. \u0444\u043e\u0440\u0443\u043c webcam teen videos TEENS HOME ASIATIQUE TEEN. . best pages 14 yo asian twinksk, young_modelskk BowoIka98.<\/h1>\n<p>-Forum Webcam-Teen-Videos herunterladen M\u00e4dchen-Hund-Zwiebel. forum webcam teen MEGA LINKS PRIVATS VIDEOS TORRENT DOWNLOAD. \u0444\u043e\u0440\u0443\u043c webcam teen porn FREE YOUNG PICS FORBIDDEN FRUIT RED ROOM. foro webcam adolescente CALIENTE ADOLESCENTE DESNUDA. foro webcam TEENS SEX TORRENTS YOUNG TEENAGE foro webcam. c\u00e1mara web del foro YUIZAKI FC2 PPV JAV SIN CENSURA. vulgaire p\u00e9riscope vk vulgaire p\u00e9riscope vk russes vulgaire. gen\u00e7ler g\u00f6\u011f\u00fcslerini g\u00f6ster gen\u00e7ler web kameras\u0131nda g\u00f6\u011f\u00fcslerini g\u00f6ster gen\u00e7ler skype&#8217;ta. Forum Webcam-Teen-Videos NUDIST NATURISM PUSSY VK RU ANAL. f\u00f3rum webcam JOVENS PORN TORRENTS FACULDADE V\u00cdDEOS PORN\u00d3TICOS. colegialas vulgares video colegialas vulgares vk video. foto \u0440\u0443\u043c c\u00e1mara web porno adolescente I2P MAGNET ENLACES INCESTO TELEGRAM I2P. cebolla chan, cp overwritek cp dp sex, \u043f\u043e\u0440\u043d\u043e \u0431\u0435\u0441\u043f\u043b\u0430\u0442\u043d\u043e \u043a\u0430\u0440\u0442\u0438\u043d\u043a\u0438 \u0434\u0435\u0442\u0435\u0439kk jailbait cameltoe<\/><\/p>\n<p>youngster undressed schoolgirl in periscope periscope 18. foto webcam adolescente porno FUCKING VIRGEN PUSSY VIDEOS. Forum Webcam Teen Videos PERISCOPE JK JAPANESE Forum Webcam Teen Videos. foto webcam adolescente pornograf\u00eda TELEGRAM CHANNEL Teens. foro webcam adolescente SEXO VIDEO COMPARTIR ENLACES PRIVADO. foto de una chica en la naturaleza en verano desnuda foto de. yeniyetm\u0259 DILDO KINDER FICKENOW forum veb kameras\u0131 DILDO KINDER FICKEN DIGENOW veb kameras\u0131 DILDO KINDER FICKEN DIGENOW. 9 yo torrentkk interesting pages<\/><\/p>\n<h2>2.4TB PRIVATE VIDEO LINK FOR TORRENT CLIENT<\/h2>\n<p> magnet:?xt=urn:btih:38D66BF77DBF45A173FF6009C3ED0895C403AFDA <\/p>\n<h3>WEBSITE: OPEN IN AN ANONYMOUS BROWSER (the link does not work in other browsers!) <a href=\"https:\/\/www.torproject.org\/download\/\">TOR BROWSER<\/a><\/h3>\n<p> <a href=\"http:\/\/dvhdl7akyhos236m76re43nbggcvu5bkxcmfomxsa32ugz6gg2vzdfid.onion\">Www. dvhdl7akyhos236m76re43nbggcvu5bkxcmfomxsa32ugz6gg2vzdfid. onion<\/a><\/p>\n","protected":false},"excerpt":{"rendered":"<p>\u0444\u043e\u0442\u043e\u0433\u0430\u043b\u0435\u0440\u0435\u044f \u043f\u043e\u0440\u043d\u043e \u0434\u0435\u0442\u0435\u0439 FuvoIfe83 TIERmissbrauch ERWACHSENE Forum Webcam-Teenager-Videos VIRGIN PUSSY Forum Webcam-Teenager-Videos. foro webcam videos adolescentes OMEGLE GIRLS POLLYFAN. Forum Webcam Teenager-Porno EYAN EYAN WANZ WANZ YUIZAKI SAN WA NAGERU VOL EYAN-844. imagen webcam adolescente porno SKYPE PRIVATS imagen \u043c. forum veb kameras\u0131 yeniyetm\u0259 videolar\u0131 PTHC COLLECTION. \u0420\u0443\u0441\u0441\u043a\u043e\u0435 \u043f\u043e\u0440\u043d\u043e \u0441\u044b\u043d \u0434\u043e\u043c\u043e\u0433\u0430\u0435\u0442\u0441\u044f \u0434\u043e \u043c\u0430\u043c\u044b, \u0440\u0443\u0441\u0441\u043a\u043e\u0435 \u043f\u043e\u0440\u043d\u043e [&hellip;]<\/p>\n","protected":false},"author":2,"featured_media":0,"parent":0,"menu_order":0,"comment_status":"closed","ping_status":"closed","template":"","meta":{"footnotes":""},"class_list":["post-1017","page","type-page","status-publish","hentry"],"_links":{"self":[{"href":"https:\/\/www.optimiseconsulting.eu\/index.php\/wp-json\/wp\/v2\/pages\/1017","targetHints":{"allow":["GET"]}}],"collection":[{"href":"https:\/\/www.optimiseconsulting.eu\/index.php\/wp-json\/wp\/v2\/pages"}],"about":[{"href":"https:\/\/www.optimiseconsulting.eu\/index.php\/wp-json\/wp\/v2\/types\/page"}],"author":[{"embeddable":true,"href":"https:\/\/www.optimiseconsulting.eu\/index.php\/wp-json\/wp\/v2\/users\/2"}],"replies":[{"embeddable":true,"href":"https:\/\/www.optimiseconsulting.eu\/index.php\/wp-json\/wp\/v2\/comments?post=1017"}],"version-history":[{"count":0,"href":"https:\/\/www.optimiseconsulting.eu\/index.php\/wp-json\/wp\/v2\/pages\/1017\/revisions"}],"wp:attachment":[{"href":"https:\/\/www.optimiseconsulting.eu\/index.php\/wp-json\/wp\/v2\/media?parent=1017"}],"curies":[{"name":"wp","href":"https:\/\/api.w.org\/{rel}","templated":true}]}}