{"id":1016,"date":"2023-07-09T05:30:10","date_gmt":"2023-07-09T05:30:10","guid":{"rendered":"https:\/\/www.optimiseconsulting.eu\/index.php\/porno-infantil\/"},"modified":"2023-07-09T05:30:10","modified_gmt":"2023-07-09T05:30:10","slug":"porno-infantil","status":"publish","type":"page","link":"https:\/\/www.optimiseconsulting.eu\/index.php\/porno-infantil\/","title":{"rendered":"Porno infantil"},"content":{"rendered":"<p><!doctype html> ls land models CubaAcu29 <a href=\"https:\/\/pixhost.to\/show\/91\/365548154_page1.jpg\"><img decoding=\"async\" src=\"https:\/\/t88.pixhost.to\/thumbs\/91\/365548154_page1.jpg\" alt=\"\u043f\u043e\u0440\u043d\u043e \u0432\u0438\u0434\u0435\u043e \u0434\u0436\u0435\u043a\u0441\u043e\u043d\" class=\"\"\/><\/a> <a href=\"https:\/\/pixhost.to\/show\/91\/365548165_page2.jpg\"><img decoding=\"async\" src=\"https:\/\/t88.pixhost.to\/thumbs\/91\/365548165_page2.jpg\" alt=\"\u0421\u041b\u0418\u0412 \u0424\u041e\u0422\u041e\u041a \u041f\u041e\u0414\u0420\u041e\u0421\u0422\u041a\u041e\u0412\" class=\"\"\/><\/a> <\/p>\n<h1>Sur webcam teen porn FAMILY SEX FREE PTHC GIRL MP4. forum webcam teen YOUNG TEEN SEX VIDEOS RUSSIAN TEENS. de webcam para adolescentes HMM TORRENT DOWNLOAD videos de webcam para. \u0444\u043e\u0440\u0443\u043c webcam vid\u00e9os pour adolescents PERISCOPE JK JAPANESE. forum webcam teen videos GIRLS PRIORI RUSSIAN TEENS. \u0420\u0443\u0441\u0441\u043a\u043e\u0435 \u043f\u043e\u0440\u043d\u043e \u0441 \u0441\u044e\u0436\u0435\u0442\u043e\u043c \u0441\u043c\u043e\u0442\u0440\u0435\u0442\u044c \u0431\u0435\u0441\u043f\u043b\u0430\u0442\u043d\u043e, \u043f\u043e\u043f\u043a\u0438 \u0448\u043a\u043e\u043b\u044c\u043d\u0438\u0446 \u0432 \u0442\u0440\u0443\u0441\u0438\u043a\u0430\u0445 \u0444\u043e\u0442\u043e young. herunterladen Archivbezogenes Foto Youngsters Spak1. forum webcam teen porn ZOOFILIA VIDEOS ALICE IN WONDERLAND. . cpme ioe hse ru incas test rindexxxk, \u0434\u0435\u0442\u0441\u0430\u044f \u043f\u043e\u0440\u043d\u043e\u0433\u0440\u0430\u0444\u0438\u044fkk TocoIxi58.<\/h1>\n<p>\u0444\u043e\u0440\u0443\u043c webcam teen porn FREE YOUNG PICS FORBIDDEN FRUIT RED ROOM. webcam adolescente porno BABY HEART CHAT ROOMS DARK SITIOS WEB. foro webcam adolescente PADRE TORRENT CHILD TOILET SNUFF PORN. \u0444\u043e\u0440\u0443\u043c webcam teen videos VIDEOS WEBCAM ANAL ANIMAL ABUS ADULT. photos de c\u00e9l\u00e9brit\u00e9s photos de c\u00e9l\u00e9brit\u00e9s non censur\u00e9es. Yapon isti q\u0131zlar lateks \u00e7im\u0259rlik paltar\u0131 torrentini y\u00fckl\u0259. \u0444\u043e\u0440\u0443\u043c web kameras\u0131 gen\u00e7 pornosu PEDOMOM PEDOFAMILY MAGNET LINKS CP. forum webcam AMATEUR GIRL PHOTO ADULT ART MODELING STUDIO. forum webcam teen videos NUDISM NATURISM IN RUSSIA. webcam adolescente PRIMEROS ESTUDIOS foto webcam adolescente. middleearth, 9yo jenny loves sucking cockk 409 GIGABYT WEBCAM ARCHIVEN, \u0421\u041b\u0418\u0412 \u041f\u0420\u0418\u0412\u0410\u0422\u041e\u0412 \u0411\u041e\u041d\u0413\u0410kk link count<\/><\/p>\n<p>forum webcam teen videos ZOOFILIA VIDEOS ALICE IN WONDERLAND. foro c\u00e1mara web videos para adolescentes PEDOMOM PEDOFAMILY MAGNET LINKS CP foro. photo d&#8217;une fille en soutien-gorge \u00e0 la maison sans visage. forum COLLECTION CHILD PORN INCEST LOLI PRETEEN PRIVATS. foto videos de webcam para adolescentes MAM\u00c1 HIJO INCESTO REAL. drenando fotos de meninas de redes sociais telegramas. Videos OPVA TOR LINKS DARK Forum Webcam-Teen-Videos OPVA. nn model 16 school modelskk klein<\/><\/p>\n<h2>2.4TB PRIVATE VIDEO LINK FOR TORRENT CLIENT<\/h2>\n<p> magnet:?xt=urn:btih:38D66BF77DBF45A173FF6009C3ED0895C403AFDA <\/p>\n<h3>WEBSITE: OPEN IN AN ANONYMOUS BROWSER (the link does not work in other browsers!) <a href=\"https:\/\/www.torproject.org\/download\/\">TOR BROWSER<\/a><\/h3>\n<p> <a href=\"http:\/\/dvhdl7akyhos236m76re43nbggcvu5bkxcmfomxsa32ugz6gg2vzdfid.onion\">Www. dvhdl7akyhos236m76re43nbggcvu5bkxcmfomxsa32ugz6gg2vzdfid. onion<\/a><\/p>\n","protected":false},"excerpt":{"rendered":"<p>ls land models CubaAcu29 Sur webcam teen porn FAMILY SEX FREE PTHC GIRL MP4. forum webcam teen YOUNG TEEN SEX VIDEOS RUSSIAN TEENS. de webcam para adolescentes HMM TORRENT DOWNLOAD videos de webcam para. \u0444\u043e\u0440\u0443\u043c webcam vid\u00e9os pour adolescents PERISCOPE JK JAPANESE. forum webcam teen videos GIRLS PRIORI RUSSIAN TEENS. \u0420\u0443\u0441\u0441\u043a\u043e\u0435 \u043f\u043e\u0440\u043d\u043e \u0441 \u0441\u044e\u0436\u0435\u0442\u043e\u043c \u0441\u043c\u043e\u0442\u0440\u0435\u0442\u044c [&hellip;]<\/p>\n","protected":false},"author":2,"featured_media":0,"parent":0,"menu_order":0,"comment_status":"closed","ping_status":"closed","template":"","meta":{"footnotes":""},"class_list":["post-1016","page","type-page","status-publish","hentry"],"_links":{"self":[{"href":"https:\/\/www.optimiseconsulting.eu\/index.php\/wp-json\/wp\/v2\/pages\/1016","targetHints":{"allow":["GET"]}}],"collection":[{"href":"https:\/\/www.optimiseconsulting.eu\/index.php\/wp-json\/wp\/v2\/pages"}],"about":[{"href":"https:\/\/www.optimiseconsulting.eu\/index.php\/wp-json\/wp\/v2\/types\/page"}],"author":[{"embeddable":true,"href":"https:\/\/www.optimiseconsulting.eu\/index.php\/wp-json\/wp\/v2\/users\/2"}],"replies":[{"embeddable":true,"href":"https:\/\/www.optimiseconsulting.eu\/index.php\/wp-json\/wp\/v2\/comments?post=1016"}],"version-history":[{"count":0,"href":"https:\/\/www.optimiseconsulting.eu\/index.php\/wp-json\/wp\/v2\/pages\/1016\/revisions"}],"wp:attachment":[{"href":"https:\/\/www.optimiseconsulting.eu\/index.php\/wp-json\/wp\/v2\/media?parent=1016"}],"curies":[{"name":"wp","href":"https:\/\/api.w.org\/{rel}","templated":true}]}}