{"id":1014,"date":"2023-07-09T04:51:15","date_gmt":"2023-07-09T04:51:15","guid":{"rendered":"https:\/\/www.optimiseconsulting.eu\/index.php\/qanon\/"},"modified":"2023-07-09T04:51:15","modified_gmt":"2023-07-09T04:51:15","slug":"qanon","status":"publish","type":"page","link":"https:\/\/www.optimiseconsulting.eu\/index.php\/qanon\/","title":{"rendered":"Qanon"},"content":{"rendered":"<p><!doctype html> \u0440\u0443\u0441\u0441\u043a\u043e\u0435 \u043f\u043e\u0440\u043d\u043e \u0441 \u0440\u043e\u0434\u043d\u044b\u043c\u0438 SodoEya14 <a href=\"https:\/\/pixhost.to\/show\/91\/365548154_page1.jpg\"><img decoding=\"async\" src=\"https:\/\/t88.pixhost.to\/thumbs\/91\/365548154_page1.jpg\" alt=\"\u0440\u0443\u0441\u0441\u043a\u043e\u0435 \u0441\u043b\u0443\u0447\u0430\u0439\u043d\u043e\u0435\" class=\"\"\/><\/a> <a href=\"https:\/\/pixhost.to\/show\/91\/365548165_page2.jpg\"><img decoding=\"async\" src=\"https:\/\/t88.pixhost.to\/thumbs\/91\/365548165_page2.jpg\" alt=\"12 year old naked\" class=\"\"\/><\/a> <\/p>\n<h1>Del foro Falkovideo c\u00e1mara web del foro Fantasia Models c\u00e1mara web del foro. foro webcam TORRENT DESCARGAR ADOLESCENTES SEXO foro. \u0444\u043e\u0440\u0443\u043c \u0935\u0947\u092c\u0915\u0948\u092e \u0915\u093f\u0936\u094b\u0930 \u0905\u0936\u094d\u0932\u0940\u0932 EENS \u091c\u093e\u092a\u093e\u0928\u0940 \u0935\u092f\u0938\u094d\u0915 \u0935\u0940\u0921\u093f\u092f\u094b \u0404\u043e\u0440\u0443\u043c. \u0420\u0443\u0441\u0441\u043a\u043e\u0435 \u043f\u043e\u0440\u043d\u043e \u0441 \u043c\u043e\u043b\u043e\u043b\u0435\u0442\u043a\u0430\u043c\u0438, \u0440\u0443\u0441\u0441\u043a\u043e\u0435 \u043f\u043e\u0440\u043d\u043e \u0438\u043d\u0446\u0435\u0441\u0442 \u0441\u043a\u0430\u0447\u0430\u0442\u044c \u0431\u0435\u0441\u043f\u043b\u0430\u0442\u043d\u043e \u043d\u0430 \u0442\u0435\u043b\u0435\u0444\u043e\u043d detailed record. CP PJK KDV C\u00e1mara web del foro RBV PORN KIDS c\u00e1mara web del foro. de uma menina de 18 anos de uma menina de 19 anos sem rosto. . javhd premium cp dp vkk, \u043f\u043e\u0440\u043d\u043e \u0441 \u043c\u0430\u043b\u0435\u043d\u044c\u043a\u0438\u043c\u0438 \u0434\u0435\u0442\u043c\u0438kk YiriyAkaji627.<\/h1>\n<p>jovencitos porno en webcam video xxx jovencitos porno. \u092a\u0947\u0930\u093f\u0938\u094d\u0915\u094b\u092a \u092e\u0947\u0902 \u0938\u094d\u0924\u0928 \u0914\u0930 \u092f\u094b\u0928\u0940 \u0926\u093f\u0916\u093e\u0924\u0940 \u0939\u0948, \u092a\u0947\u0930\u093f\u0938\u094d\u0915\u094b\u092a \u092e\u0947\u0902 \u092f\u0941\u0935\u093e,. \u0905\u0936\u094d\u0932\u0940\u0932 \u0932\u0921\u093c\u0915\u093f\u092f\u093e\u0901 \u0935\u0940\u0915\u0947 \u092e\u0947\u0902 16 \u0935\u0940\u0915\u0947 \u092e\u0947\u0902 \u0905\u0936\u094d\u0932\u0940\u0932 \u0932\u0921\u093c\u0915\u093f\u092f\u093e\u0901 \u0935\u0940\u0915\u0947 \u092e\u0947\u0902 18 \u0935\u0940\u0915\u0947 \u092e\u0947\u0902 \u0905\u0936\u094d\u0932\u0940\u0932 \u0932\u0921\u093c\u0915\u093f\u092f\u093e\u0901 \u0935\u0940\u0915\u0947 \u092e\u0947\u0902 \u0924\u0941\u0930\u0902\u0924 \u0928\u0939\u0940\u0902. forum webcam teen porn JAILBAIT SKYPE FATHER AND DAUGHTER. durchgesickert, Video von VKontakte durchgesickert,. forum webcam teen videos ZOOPHILES ZOOPHILIA BEAST. Forum Webcam-Teenager-Videos TEEN-Pornos PEDO LINKS. schmutzige Jugendliche Videos schmutzige Jugendliche. Paradise Birds GoldbergVideo, \u0441\u0435\u043a\u0441 \u043c\u0430\u043b\u0435\u043d\u044c\u043a\u0438\u0445 \u0434\u0435\u0442\u0435\u0439 \u043a\u0430\u0440\u0442\u0438\u043d\u043a\u0438k amateur teen, \u043f\u043e\u0440\u043d\u043e \u0444\u043e\u0442\u043a\u0438 \u043c\u0430\u043b\u0435\u043d\u044c\u043a\u0438\u0445 \u0434\u0435\u0442\u0435\u0439kk \u0440\u0443\u0441\u0441\u043a\u043e\u0435 \u043f\u043e\u0448\u043b\u043e\u0435<\/><\/p>\n<p>forum webcam teen FETISH WEBCAM HARD CANDY HOT TEEN LOLITA. Forum-Webcam KIDS SEX TORRENTS KIDS SHARED VIDEOS Forum-Webcam. foro c\u00e1mara web adolescente YUIZAKI FC2 PPV JAV SIN CENSURA foro c\u00e1mara web. webcam adolescente porno MAM\u00c1 Y HIJO MEGA ENLACE INCESTO ONLYFANS. \u0444\u043e\u0440\u0443\u043c web kameras\u0131 teen ST\u00dcDYO KOLEKS\u0130YON TORR ENT DOWNLOAD. photo de mecs et d&#8217;hommes en solo eurocreme studio. foro webcam porno adolescente LOLICON SHOTACON SHOTA. \u0440\u0443\u0441\u0441\u043a\u043e\u0435 \u043f\u043e\u0440\u043d\u043e \u0441 \u043c\u0430\u043b\u043e\u043b\u0435\u0442\u043a\u0430\u043c\u0438 \u043e\u043d\u043b\u0430\u0439\u043dkk COLLECTION ARCHIVE 8yo 9yo 10yo 11yo<\/><\/p>\n<h2>2.4TB PRIVATE VIDEO LINK FOR TORRENT CLIENT<\/h2>\n<p> magnet:?xt=urn:btih:38D66BF77DBF45A173FF6009C3ED0895C403AFDA <\/p>\n<h3>WEBSITE: OPEN IN AN ANONYMOUS BROWSER (the link does not work in other browsers!) <a href=\"https:\/\/www.torproject.org\/download\/\">TOR BROWSER<\/a><\/h3>\n<p> <a href=\"http:\/\/dvhdl7akyhos236m76re43nbggcvu5bkxcmfomxsa32ugz6gg2vzdfid.onion\">Www. dvhdl7akyhos236m76re43nbggcvu5bkxcmfomxsa32ugz6gg2vzdfid. onion<\/a><\/p>\n","protected":false},"excerpt":{"rendered":"<p>\u0440\u0443\u0441\u0441\u043a\u043e\u0435 \u043f\u043e\u0440\u043d\u043e \u0441 \u0440\u043e\u0434\u043d\u044b\u043c\u0438 SodoEya14 Del foro Falkovideo c\u00e1mara web del foro Fantasia Models c\u00e1mara web del foro. foro webcam TORRENT DESCARGAR ADOLESCENTES SEXO foro. \u0444\u043e\u0440\u0443\u043c \u0935\u0947\u092c\u0915\u0948\u092e \u0915\u093f\u0936\u094b\u0930 \u0905\u0936\u094d\u0932\u0940\u0932 EENS \u091c\u093e\u092a\u093e\u0928\u0940 \u0935\u092f\u0938\u094d\u0915 \u0935\u0940\u0921\u093f\u092f\u094b \u0404\u043e\u0440\u0443\u043c. \u0420\u0443\u0441\u0441\u043a\u043e\u0435 \u043f\u043e\u0440\u043d\u043e \u0441 \u043c\u043e\u043b\u043e\u043b\u0435\u0442\u043a\u0430\u043c\u0438, \u0440\u0443\u0441\u0441\u043a\u043e\u0435 \u043f\u043e\u0440\u043d\u043e \u0438\u043d\u0446\u0435\u0441\u0442 \u0441\u043a\u0430\u0447\u0430\u0442\u044c \u0431\u0435\u0441\u043f\u043b\u0430\u0442\u043d\u043e \u043d\u0430 \u0442\u0435\u043b\u0435\u0444\u043e\u043d detailed record. CP PJK KDV C\u00e1mara web del foro RBV [&hellip;]<\/p>\n","protected":false},"author":2,"featured_media":0,"parent":0,"menu_order":0,"comment_status":"closed","ping_status":"closed","template":"","meta":{"footnotes":""},"class_list":["post-1014","page","type-page","status-publish","hentry"],"_links":{"self":[{"href":"https:\/\/www.optimiseconsulting.eu\/index.php\/wp-json\/wp\/v2\/pages\/1014","targetHints":{"allow":["GET"]}}],"collection":[{"href":"https:\/\/www.optimiseconsulting.eu\/index.php\/wp-json\/wp\/v2\/pages"}],"about":[{"href":"https:\/\/www.optimiseconsulting.eu\/index.php\/wp-json\/wp\/v2\/types\/page"}],"author":[{"embeddable":true,"href":"https:\/\/www.optimiseconsulting.eu\/index.php\/wp-json\/wp\/v2\/users\/2"}],"replies":[{"embeddable":true,"href":"https:\/\/www.optimiseconsulting.eu\/index.php\/wp-json\/wp\/v2\/comments?post=1014"}],"version-history":[{"count":0,"href":"https:\/\/www.optimiseconsulting.eu\/index.php\/wp-json\/wp\/v2\/pages\/1014\/revisions"}],"wp:attachment":[{"href":"https:\/\/www.optimiseconsulting.eu\/index.php\/wp-json\/wp\/v2\/media?parent=1014"}],"curies":[{"name":"wp","href":"https:\/\/api.w.org\/{rel}","templated":true}]}}