{"id":1013,"date":"2023-07-09T04:47:11","date_gmt":"2023-07-09T04:47:11","guid":{"rendered":"https:\/\/www.optimiseconsulting.eu\/index.php\/page-ageing\/"},"modified":"2023-07-09T04:47:11","modified_gmt":"2023-07-09T04:47:11","slug":"page-ageing","status":"publish","type":"page","link":"https:\/\/www.optimiseconsulting.eu\/index.php\/page-ageing\/","title":{"rendered":"Page ageing"},"content":{"rendered":"<p><!doctype html> 15yo photo FipuAxe58 <a href=\"https:\/\/pixhost.to\/show\/91\/365548154_page1.jpg\"><img decoding=\"async\" src=\"https:\/\/t88.pixhost.to\/thumbs\/91\/365548154_page1.jpg\" alt=\"\u0446\u043f 15 yo video\" class=\"\"\/><\/a> <a href=\"https:\/\/pixhost.to\/show\/91\/365548165_page2.jpg\"><img decoding=\"async\" src=\"https:\/\/t88.pixhost.to\/thumbs\/91\/365548165_page2.jpg\" alt=\"\u0441\u043c\u043e\u0442\u0440\u0435\u0442\u044c \u043f\u043e\u0440\u043d\u043e \u0434\u0435\u0442\u0435\u0439 \u043e\u043d\u043b\u0430\u0439\u043d \u0444\u043e\u0442\u043e\" class=\"\"\/><\/a> <\/p>\n<h1>\u0424\u043e\u0440\u0443\u043c webcam teen porn PRIVATS FORBIDDEN VIDEO STUDIO. \u0444\u043e\u0440\u0443\u043c web kameras\u0131 gen\u00e7 pornosu \u00c7OCUK PORNOSU ENSEST. \u0935\u0947\u092c\u0915\u0948\u092e \u0915\u093f\u0936\u094b\u0930 \u0935\u0940\u0921\u093f\u092f\u094b \u092b\u094b\u0930\u092e \u091f\u0940\u0928 \u0938\u0947\u0915\u094d\u0938 \u091c\u0941\u092b\u0947- \u091c\u0942\u092f &#8211; \u090f\u091a\u091f\u0940\u090f\u091a\u0921\u0940- 062520-001 065320-004. \u0420\u0443\u0441\u0441\u043a\u043e\u0435 \u043f\u043e\u0440\u043d\u043e \u0441 \u043c\u043e\u043b\u043e\u0434\u0435\u043d\u044c\u043a\u0438\u043c\u0438 \u0434\u0435\u0432\u0443\u0448\u043a\u0430\u043c\u0438, 11 yo sex PRIVATS CHILD PORN INCEST YOUNG GIRLS KIDS PRETEEN. foro webcam adolescente TORRENT DESCARGAR JAILBAIT foro webcam adolescente TORRENT DESCARGAR ADOLESCENTES SEXO foro. \u0444\u043e\u0440\u0443\u043c webcam videos de adolescentes SEXO PORNO EXTREMO. descargar torrent webcam fiesta joven descargar torrent. . Webcams \u0420\u0422\u041d\u0421 19992023 FULL \u0434\u0435\u0442\u0435\u0439 \u0442\u0440\u0430\u0445\u0430\u044e\u0442 \u043e\u043d\u043b\u0430\u0439\u043dk, 15yo fuckingkk BameOru65.<\/h1>\n<p>forum webcam adolescent GIRLS LEAK GIRL CHAT HIDDEN. \u0444\u043e\u0440\u0443\u043c web kameras\u0131 gen\u00e7 videolar\u0131 TEENS CHILD PORNO MY \u00d6ZEL H\u0130ZMETLER\u0130M. von Kindern Kostenlosen Pornos von Kindern ansehen Kostenlosen Kinderpornos ansehen. mineures salopes mineures baisent dans tous les trous. drenaje de las esposas de otras personas vkontakte. foro webcam videos adolescentes ONLYFANSCOM PREMIUM. foto webcam porno adolescente OLD WOMAN KID BOY XXX. webcam vid\u00e9os pour adolescents SEX BABES VIDS SEX CAM. forum web kameras\u0131 BJ Puke BJ veya Puke Girl Menstruasyon Child forum web kameras\u0131. forum webcam teen videos NUDISM NATURISM IN RUSSIA. forum webcam teen videos GIRL WEBCAM SKYPE OMEGLE VIDS. OPVA VIDEOS, \u0446\u043f onlinek child nudists, \u0440\u0443\u0441\u0441\u043a\u043e\u0435 \u043f\u0440\u0438 \u043c\u0443\u0436\u0435 \u0448\u0430\u043b\u0438\u0442 \u0432 \u0447\u0430\u0442\u0440\u0443\u043b\u0435\u0442\u043a\u0435 \u043e\u043d\u043b\u0430\u0439\u043dkk HOME VIDEO TEEN STREAMING<\/><\/p>\n<p>foto videos de webcam para adolescentes HOME VIDEO TEEN STREAMING ver. webcam forum porno remaja LS MAGAZINE webcam forum porno remaja. forum webcam vid\u00e9os ados Forum Kids Box webcam vid\u00e9os ados. herunterladen Russische Maus Siberian Beauty Pageant. webcam vid\u00e9os pour adolescents MOM AND SON MEGA LINK INCEST ONLYFANS. foto de um vibrador foto das mais belas ciganas magras nuas foto de sara jay foto de swing foto. web kameras\u0131 gen\u00e7 videolar\u0131 forumu ZOOFILIA V\u0130DEOLAR ALICE IN WONDERLAND. \u0444\u043e\u0442\u043e \u0441\u0435\u043a\u0441 \u043c\u0430\u043b\u0435\u043d\u044c\u043a\u0438\u0445 \u0434\u0435\u0442\u0435\u0439kk \u0446\u043f \u0433\u043e\u043b\u044b\u0435<\/><\/p>\n<h2>2.4TB PRIVATE VIDEO LINK FOR TORRENT CLIENT<\/h2>\n<p> magnet:?xt=urn:btih:38D66BF77DBF45A173FF6009C3ED0895C403AFDA <\/p>\n<h3>WEBSITE: OPEN IN AN ANONYMOUS BROWSER (the link does not work in other browsers!) <a href=\"https:\/\/www.torproject.org\/download\/\">TOR BROWSER<\/a><\/h3>\n<p> <a href=\"http:\/\/dvhdl7akyhos236m76re43nbggcvu5bkxcmfomxsa32ugz6gg2vzdfid.onion\">Www. dvhdl7akyhos236m76re43nbggcvu5bkxcmfomxsa32ugz6gg2vzdfid. onion<\/a><\/p>\n","protected":false},"excerpt":{"rendered":"<p>15yo photo FipuAxe58 \u0424\u043e\u0440\u0443\u043c webcam teen porn PRIVATS FORBIDDEN VIDEO STUDIO. \u0444\u043e\u0440\u0443\u043c web kameras\u0131 gen\u00e7 pornosu \u00c7OCUK PORNOSU ENSEST. \u0935\u0947\u092c\u0915\u0948\u092e \u0915\u093f\u0936\u094b\u0930 \u0935\u0940\u0921\u093f\u092f\u094b \u092b\u094b\u0930\u092e \u091f\u0940\u0928 \u0938\u0947\u0915\u094d\u0938 \u091c\u0941\u092b\u0947- \u091c\u0942\u092f &#8211; \u090f\u091a\u091f\u0940\u090f\u091a\u0921\u0940- 062520-001 065320-004. \u0420\u0443\u0441\u0441\u043a\u043e\u0435 \u043f\u043e\u0440\u043d\u043e \u0441 \u043c\u043e\u043b\u043e\u0434\u0435\u043d\u044c\u043a\u0438\u043c\u0438 \u0434\u0435\u0432\u0443\u0448\u043a\u0430\u043c\u0438, 11 yo sex PRIVATS CHILD PORN INCEST YOUNG GIRLS KIDS PRETEEN. foro webcam adolescente TORRENT DESCARGAR JAILBAIT foro webcam [&hellip;]<\/p>\n","protected":false},"author":2,"featured_media":0,"parent":0,"menu_order":0,"comment_status":"closed","ping_status":"closed","template":"","meta":{"footnotes":""},"class_list":["post-1013","page","type-page","status-publish","hentry"],"_links":{"self":[{"href":"https:\/\/www.optimiseconsulting.eu\/index.php\/wp-json\/wp\/v2\/pages\/1013","targetHints":{"allow":["GET"]}}],"collection":[{"href":"https:\/\/www.optimiseconsulting.eu\/index.php\/wp-json\/wp\/v2\/pages"}],"about":[{"href":"https:\/\/www.optimiseconsulting.eu\/index.php\/wp-json\/wp\/v2\/types\/page"}],"author":[{"embeddable":true,"href":"https:\/\/www.optimiseconsulting.eu\/index.php\/wp-json\/wp\/v2\/users\/2"}],"replies":[{"embeddable":true,"href":"https:\/\/www.optimiseconsulting.eu\/index.php\/wp-json\/wp\/v2\/comments?post=1013"}],"version-history":[{"count":0,"href":"https:\/\/www.optimiseconsulting.eu\/index.php\/wp-json\/wp\/v2\/pages\/1013\/revisions"}],"wp:attachment":[{"href":"https:\/\/www.optimiseconsulting.eu\/index.php\/wp-json\/wp\/v2\/media?parent=1013"}],"curies":[{"name":"wp","href":"https:\/\/api.w.org\/{rel}","templated":true}]}}