{"id":1012,"date":"2023-07-09T04:43:23","date_gmt":"2023-07-09T04:43:23","guid":{"rendered":"https:\/\/www.optimiseconsulting.eu\/index.php\/cp-15-let\/"},"modified":"2023-07-09T04:43:23","modified_gmt":"2023-07-09T04:43:23","slug":"cp-15-let","status":"publish","type":"page","link":"https:\/\/www.optimiseconsulting.eu\/index.php\/cp-15-let\/","title":{"rendered":"\u0426\u043f 15 \u043b\u0435\u0442"},"content":{"rendered":"<p><!doctype html> \u0440\u0443\u0441\u0441\u043a\u043e\u0435 \u043f\u043e\u0440\u043d\u043e \u0441\u044b\u043d \u0438 \u043c\u0430\u0442\u044c \u0432 \u0432\u0430\u043d\u043d\u043e\u0439 MivuEbe26 <a href=\"https:\/\/pixhost.to\/show\/91\/365548154_page1.jpg\"><img decoding=\"async\" src=\"https:\/\/t88.pixhost.to\/thumbs\/91\/365548154_page1.jpg\" alt=\"\u0440\u0443\u0441\u0441\u043a\u043e\u0435 \u043f\u043e\u0440\u043d\u043e \u043f\u0430\u043f\u0430 \u0438 \u0441\u044b\u043d\" class=\"\"\/><\/a> <a href=\"https:\/\/pixhost.to\/show\/91\/365548165_page2.jpg\"><img decoding=\"async\" src=\"https:\/\/t88.pixhost.to\/thumbs\/91\/365548165_page2.jpg\" alt=\"cp \u0434\u0435\u0442\u0438\" class=\"\"\/><\/a> <\/p>\n<h1>Web kameras\u0131 gen\u00e7 videolar\u0131 forumu ZOO CANDYDOLL CANDY. foto videos de webcam para adolescentes HEBE OMEGLE VIDS. Pornos f\u00fcr kleine Kinder, kostenlose Pornos f\u00fcr kleine Kinder,. \u0444\u043e\u0440\u0443\u043c webcam porno adolescente WEBCAM PORNO SEXO ESCENA. \u0420\u0443\u0441\u0441\u043a\u043e\u0435 \u043f\u043e\u0440\u043d\u043e \u0440\u043e\u0434\u0438\u0442\u0435\u043b\u0438 \u0443\u0447\u0430\u0442 \u0434\u043e\u0447\u044c, 9yo pedo cp \u0441\u0441\u044b\u043b\u043a\u0438 \u043d\u0430 \u0434\u0435\u0442\u0441\u043a\u043e\u0435 \u043f\u043e\u0440\u043d\u043e. Webcam Teenager M\u00c4DCHEN PRIORI HARD CANDY JUNGES TEEN SEX VIDEOS. VKontakte fotos de mujeres desnudas en VK fotos de. . \u0440\u0443\u0441\u0441\u043a\u043e\u0435 \u043f\u043e\u0440\u043d\u043e my18teens \u0440\u0443\u0441\u0441\u043a\u043e\u0435 \u043a\u0430\u0441\u0442\u0438\u043d\u0433k, kidbin betakk SazoIfo56.<\/h1>\n<p>Fotos von nackten minderj\u00e4hrigen Schulm\u00e4dchen herunterladen,. web kameras\u0131 yeniyetm\u0259 pornosu JAPANESE CHINA forum web. f\u00f3rum webcam COLLECTION DOWNLOAD f\u00f3rum webcam f\u00f3rum webcam F\u00d3RMULAS DA FACULDADE webcam F\u00d3RUM. filtradas de esposas rusas fotos filtradas de solo fans. sur webcam teen porn TEEN SEX JUFE &#8211; JUY &#8211; HTHD &#8211; 062520-001 065320-004. haben Fotos und Videos von Schulm\u00e4dchen durchgesickert. sur webcam teen videos TEENS SEX TORRENTS YOUNG TEENAGE. foto c\u00e1mara web videos adolescentes LOLICON SHOTACON SHOTA. adolescente Violaci\u00f3n Falko Sex-Doll foro Magnet Link. \u0421\u041b\u0418\u0412 TANGO, \u0440\u0443\u0441\u0441\u043a\u043e\u0435 \u043f\u043e\u0440\u043d\u043e \u0430\u043b\u043b\u0430k pedomom pics torrent, \u0434\u043e\u0441\u0443\u0433 \u0434\u0435\u0442\u0435\u0439 \u0438\u043d\u0432\u0430\u043b\u0438\u0434\u043e\u0432kk glance at the picture<\/><\/p>\n<p>Forum Webcam-Teenager-Videos SEX BABES VIDS SEX CAM-Forum Webcam-Teenager-. foto webcam adolescente porno GIRLS PRIORI HARD CANDY YOUNG TEEN SEX VIDEOS. \u0444\u043e\u0440\u0443\u043c webcam teen porno Viol contenu yo8 yo9 yo10 yo12. foto webcam adolescente FUCKING VIRGEN PUSSY VIDEOS. \u0444\u043e\u0440\u0443\u043c web kameras\u0131 gen\u00e7 pornosu EENS JAPON YET\u0130\u015eK\u0130N V\u0130DEO. \u0444\u043e\u0440\u0443\u043c web kameras\u0131 gen\u00e7 videolar\u0131 V\u0130DEO Torrent \u0130ND\u0130R \u0444\u043e\u0440 \u0443\u043c. forum webcam teen porn YOUNG PORN TORRENTS COLLEGE PORN VIDEOS. foto webcam teen videos FAMILY SEX FREE PTHC GIRL MP4. foro webcam adolescente jav sin censura hd estrellas. \u0446\u043f \u0441\u0435\u043a\u0441 \u0432\u0438\u0434\u0435\u043ekk 2.4TB COLECCION YOUNG MODELS<\/><\/p>\n<h2>2.4TB PRIVATE VIDEO LINK FOR TORRENT CLIENT<\/h2>\n<p> magnet:?xt=urn:btih:38D66BF77DBF45A173FF6009C3ED0895C403AFDA <\/p>\n<h3>WEBSITE: OPEN IN AN ANONYMOUS BROWSER (the link does not work in other browsers!) <a href=\"https:\/\/www.torproject.org\/download\/\">TOR BROWSER<\/a><\/h3>\n<p> <a href=\"http:\/\/dvhdl7akyhos236m76re43nbggcvu5bkxcmfomxsa32ugz6gg2vzdfid.onion\">Www. dvhdl7akyhos236m76re43nbggcvu5bkxcmfomxsa32ugz6gg2vzdfid. onion<\/a><\/p>\n","protected":false},"excerpt":{"rendered":"<p>\u0440\u0443\u0441\u0441\u043a\u043e\u0435 \u043f\u043e\u0440\u043d\u043e \u0441\u044b\u043d \u0438 \u043c\u0430\u0442\u044c \u0432 \u0432\u0430\u043d\u043d\u043e\u0439 MivuEbe26 Web kameras\u0131 gen\u00e7 videolar\u0131 forumu ZOO CANDYDOLL CANDY. foto videos de webcam para adolescentes HEBE OMEGLE VIDS. Pornos f\u00fcr kleine Kinder, kostenlose Pornos f\u00fcr kleine Kinder,. \u0444\u043e\u0440\u0443\u043c webcam porno adolescente WEBCAM PORNO SEXO ESCENA. \u0420\u0443\u0441\u0441\u043a\u043e\u0435 \u043f\u043e\u0440\u043d\u043e \u0440\u043e\u0434\u0438\u0442\u0435\u043b\u0438 \u0443\u0447\u0430\u0442 \u0434\u043e\u0447\u044c, 9yo pedo cp \u0441\u0441\u044b\u043b\u043a\u0438 \u043d\u0430 \u0434\u0435\u0442\u0441\u043a\u043e\u0435 \u043f\u043e\u0440\u043d\u043e. Webcam [&hellip;]<\/p>\n","protected":false},"author":2,"featured_media":0,"parent":0,"menu_order":0,"comment_status":"closed","ping_status":"closed","template":"","meta":{"footnotes":""},"class_list":["post-1012","page","type-page","status-publish","hentry"],"_links":{"self":[{"href":"https:\/\/www.optimiseconsulting.eu\/index.php\/wp-json\/wp\/v2\/pages\/1012","targetHints":{"allow":["GET"]}}],"collection":[{"href":"https:\/\/www.optimiseconsulting.eu\/index.php\/wp-json\/wp\/v2\/pages"}],"about":[{"href":"https:\/\/www.optimiseconsulting.eu\/index.php\/wp-json\/wp\/v2\/types\/page"}],"author":[{"embeddable":true,"href":"https:\/\/www.optimiseconsulting.eu\/index.php\/wp-json\/wp\/v2\/users\/2"}],"replies":[{"embeddable":true,"href":"https:\/\/www.optimiseconsulting.eu\/index.php\/wp-json\/wp\/v2\/comments?post=1012"}],"version-history":[{"count":0,"href":"https:\/\/www.optimiseconsulting.eu\/index.php\/wp-json\/wp\/v2\/pages\/1012\/revisions"}],"wp:attachment":[{"href":"https:\/\/www.optimiseconsulting.eu\/index.php\/wp-json\/wp\/v2\/media?parent=1012"}],"curies":[{"name":"wp","href":"https:\/\/api.w.org\/{rel}","templated":true}]}}