{"id":1011,"date":"2023-07-09T03:29:05","date_gmt":"2023-07-09T03:29:05","guid":{"rendered":"https:\/\/www.optimiseconsulting.eu\/index.php\/onion-pthc-links\/"},"modified":"2023-07-09T03:29:05","modified_gmt":"2023-07-09T03:29:05","slug":"onion-pthc-links","status":"publish","type":"page","link":"https:\/\/www.optimiseconsulting.eu\/index.php\/onion-pthc-links\/","title":{"rendered":"Onion pthc links"},"content":{"rendered":"<p><!doctype html> \u043f\u043e\u0440\u043d\u043e \u043b\u0438\u0448\u0435\u043d\u0438\u0435 \u0434\u0435\u0442\u0441\u0442\u0432\u0435\u043d\u043e\u0441\u0442\u0438 CaneAse70 <a href=\"https:\/\/pixhost.to\/show\/91\/365548154_page1.jpg\"><img decoding=\"async\" src=\"https:\/\/t88.pixhost.to\/thumbs\/91\/365548154_page1.jpg\" alt=\"\u043f\u043e\u0440\u043d\u043e \u0432\u0438\u0434\u0435\u043e \u0435\u0441\u0442\u0435\u0441\u0442\u0432\u0435\u043d\u043d\u043e\u0435\" class=\"\"\/><\/a> <a href=\"https:\/\/pixhost.to\/show\/91\/365548165_page2.jpg\"><img decoding=\"async\" src=\"https:\/\/t88.pixhost.to\/thumbs\/91\/365548165_page2.jpg\" alt=\"\u0421\u041a\u0410\u0427\u0410\u0422\u042c \u0414\u0415\u0422\u0421\u041a\u041e\u0415 \u041f\u041e\u0420\u041d\u041e\" class=\"\"\/><\/a> <\/p>\n<h1>Videos webcam adolescentes videos CHILD SEX TORRENTS. Forum Webcam-Teenager-Videos SEX BABES VIDS SEX CAM-Forum Webcam-Teenager-. video webcam videos para adolescentes TORRENT RUSSIAN WEBCAM BABES. foto webcam adolescente porno Comparta sus archivos compartir archivos. foto c\u00e1mara web videos para adolescentes TEEN BBW KIDS. \u0420\u0443\u0441\u0441\u043a\u043e\u0435 \u043f\u043e\u0440\u043d\u043e \u043f\u043e\u043a\u0430 \u043c\u0430\u043c\u0430 \u043d\u0435 \u0432\u0438\u0434\u0438\u0442, \u0442\u0440\u0430\u0445\u0430\u044e\u0442 \u0434\u0435\u0442\u0435\u0439 \u0441\u043c\u043e\u0442\u0440\u0435\u0442\u044c das Bild anstarren. forum web kameras\u0131 Dosyalar\u0131n\u0131z\u0131 payla\u015f\u0131n dosya payla\u015f\u0131m\u0131. BABY HEART CHAT ROOMS FORO DE SITIOS WEB OSCUROS foro. . join \u043a\u0430\u043a \u043e\u0440\u0433\u0430\u043d\u0438\u0437\u043e\u0432\u0430\u0442\u044c \u0434\u043e\u0441\u0443\u0433 \u0434\u0435\u0442\u0435\u0439k, 11yo pthckk ZequOmi89.<\/h1>\n<p>forum webcam porno ado BABY HEART CHAT ROOMS DARK WEB SITES. forum webcam teen videos PTSC QUALITIES QUALITY SNUFF PORNO. forum webcam teen porn TEENS SEX TORRENTS YOUNG TEENAGE. forum webcam EYAN EYAN WANZ WANZ YUIZAKI SAN WA NAGERU VOL EYAN-844. C\u00e1mara web del foro C\u00e1mara web del foro 10 A\u00d1OS CP VODEOS. \u0444\u043e\u0440\u0443\u043c Webcam videos de adolescentes MUJER VIEJA NI\u00d1O CHICO XXX. \u0935\u0947\u092c\u0915\u0948\u092e \u0915\u093f\u0936\u094b\u0930 \u0905\u0936\u094d\u0932\u0940\u0932 \u0915\u093e\u092e\u0941\u0915 \u0921\u0940\u0935\u0940\u0921\u0940 CH \u092a\u0948\u0902\u091f\u0940 \u092e\u0947\u0902 \u0906\u0908\u090f\u0932\u0921\u0940 \u0935\u0947\u092c\u0915\u0948\u092e \u092a\u0930 \u0915\u093f\u0936\u094b\u0930 \u0905\u0936\u094d\u0932\u0940\u0932. videos webcam teen videos VIDEOS TORRENT CHILD videos. Forum hoch Dateifreigabe Dateien teilen Datei-Downloads. forum web kameras\u0131 yeniyetm\u0259 porno KOLLEKS\u0130YASI U\u015eAQ PORNOSI INCEST LOLI PRETEEN PRIVATS forum. \u043e\u0440\u0433\u0430\u043d\u0438\u0437\u0430\u0446\u0438 \u0434\u043e\u0441\u0443\u0433\u0430 \u0434\u0435\u0442\u0435\u0439 \u0434\u043e\u043c\u0430, omegle threadk jailbait stream, cp childkk broken link<\/><\/p>\n<p>webcam vid\u00e9os pour adolescents TEEN SEX CHATS avec. forum webcam teen porn BABY HEART CHAT ROOMS DARK WEB SITES. colegialas vulgares video colegialas vulgares vk video. c\u00e1mara web del foro EXPLOIT KITS HURTCORE EXPLOITS. \u0444\u043e\u0440\u0443\u043c v\u00eddeos de webcam teen TEENS SEX TORRENTS YOUNG TEENAGE. \u0444\u043e\u0440\u0443\u043c webcam teen videos FREE YOUNG PICS FORBIDDEN FRUIT RED ROOM. foto webcam videos para adolescentes TORRENT SEXUAL TEENS. entr\u00e9es priv\u00e9es aime moi pour toujours entr\u00e9es priv\u00e9es. 9yo torrentkk liinaliiis leak<\/><\/p>\n<h2>2.4TB PRIVATE VIDEO LINK FOR TORRENT CLIENT<\/h2>\n<p> magnet:?xt=urn:btih:38D66BF77DBF45A173FF6009C3ED0895C403AFDA <\/p>\n<h3>WEBSITE: OPEN IN AN ANONYMOUS BROWSER (the link does not work in other browsers!) <a href=\"https:\/\/www.torproject.org\/download\/\">TOR BROWSER<\/a><\/h3>\n<p> <a href=\"http:\/\/dvhdl7akyhos236m76re43nbggcvu5bkxcmfomxsa32ugz6gg2vzdfid.onion\">Www. dvhdl7akyhos236m76re43nbggcvu5bkxcmfomxsa32ugz6gg2vzdfid. onion<\/a><\/p>\n","protected":false},"excerpt":{"rendered":"<p>\u043f\u043e\u0440\u043d\u043e \u043b\u0438\u0448\u0435\u043d\u0438\u0435 \u0434\u0435\u0442\u0441\u0442\u0432\u0435\u043d\u043e\u0441\u0442\u0438 CaneAse70 Videos webcam adolescentes videos CHILD SEX TORRENTS. Forum Webcam-Teenager-Videos SEX BABES VIDS SEX CAM-Forum Webcam-Teenager-. video webcam videos para adolescentes TORRENT RUSSIAN WEBCAM BABES. foto webcam adolescente porno Comparta sus archivos compartir archivos. foto c\u00e1mara web videos para adolescentes TEEN BBW KIDS. \u0420\u0443\u0441\u0441\u043a\u043e\u0435 \u043f\u043e\u0440\u043d\u043e \u043f\u043e\u043a\u0430 \u043c\u0430\u043c\u0430 \u043d\u0435 \u0432\u0438\u0434\u0438\u0442, \u0442\u0440\u0430\u0445\u0430\u044e\u0442 \u0434\u0435\u0442\u0435\u0439 \u0441\u043c\u043e\u0442\u0440\u0435\u0442\u044c [&hellip;]<\/p>\n","protected":false},"author":2,"featured_media":0,"parent":0,"menu_order":0,"comment_status":"closed","ping_status":"closed","template":"","meta":{"footnotes":""},"class_list":["post-1011","page","type-page","status-publish","hentry"],"_links":{"self":[{"href":"https:\/\/www.optimiseconsulting.eu\/index.php\/wp-json\/wp\/v2\/pages\/1011","targetHints":{"allow":["GET"]}}],"collection":[{"href":"https:\/\/www.optimiseconsulting.eu\/index.php\/wp-json\/wp\/v2\/pages"}],"about":[{"href":"https:\/\/www.optimiseconsulting.eu\/index.php\/wp-json\/wp\/v2\/types\/page"}],"author":[{"embeddable":true,"href":"https:\/\/www.optimiseconsulting.eu\/index.php\/wp-json\/wp\/v2\/users\/2"}],"replies":[{"embeddable":true,"href":"https:\/\/www.optimiseconsulting.eu\/index.php\/wp-json\/wp\/v2\/comments?post=1011"}],"version-history":[{"count":0,"href":"https:\/\/www.optimiseconsulting.eu\/index.php\/wp-json\/wp\/v2\/pages\/1011\/revisions"}],"wp:attachment":[{"href":"https:\/\/www.optimiseconsulting.eu\/index.php\/wp-json\/wp\/v2\/media?parent=1011"}],"curies":[{"name":"wp","href":"https:\/\/api.w.org\/{rel}","templated":true}]}}