{"id":1010,"date":"2023-07-09T03:25:29","date_gmt":"2023-07-09T03:25:29","guid":{"rendered":"https:\/\/www.optimiseconsulting.eu\/index.php\/parchment-pages\/"},"modified":"2023-07-09T03:25:29","modified_gmt":"2023-07-09T03:25:29","slug":"parchment-pages","status":"publish","type":"page","link":"https:\/\/www.optimiseconsulting.eu\/index.php\/parchment-pages\/","title":{"rendered":"Parchment pages"},"content":{"rendered":"<p><!doctype html> nudism pictures family NugeOni67 <a href=\"https:\/\/pixhost.to\/show\/91\/365548154_page1.jpg\"><img decoding=\"async\" src=\"https:\/\/t88.pixhost.to\/thumbs\/91\/365548154_page1.jpg\" alt=\"kinderporno kaufen\" class=\"\"\/><\/a> <a href=\"https:\/\/pixhost.to\/show\/91\/365548165_page2.jpg\"><img decoding=\"async\" src=\"https:\/\/t88.pixhost.to\/thumbs\/91\/365548165_page2.jpg\" alt=\"GoldbergVideo\" class=\"\"\/><\/a> <\/p>\n<h1>Forum-Webcam Sex-Doll-Vergewaltigungsinhalt 8 Jahre alt 9 Jahre alt 10 Jahre alt 12 Jahre Forum-Webcam. \u0444\u043e\u0440\u0443\u043c web kameras\u0131 teen ST\u00dcDYO KOLEKS\u0130YON TORR ENT DOWNLOAD. videos de sexo infantil privacion de infancia porno gratis. \u0420\u0443\u0441\u0441\u043a\u043e\u0435 \u043f\u043e\u0440\u043d\u043e \u043f\u043e \u0441\u043a\u0430\u0439\u043f\u0443 \u0432\u043a\u043e\u043d\u0442\u0430\u043a\u0442\u0435, \u0446\u043f \u043b\u043e\u043b\u043b\u0438 \u0444\u043e\u0442\u043e jailbait teen forum. videos webcam teen videos VIDEOS SEX SHARING VIDEO videos. foro webcam videos adolescentes NUDIST NATURISM PUSSY VK RU ANAL. videos videos de adolescentes webcam Carga de archivos Sube tus archivos videos videos de adolescentes webcam Compartir archivos. . meet girl nude preteen lolita picsk, \u0440\u0443\u0441\u0441\u043a\u043e\u0435 \u043f\u043e\u0440\u043d\u043e \u0441\u043c\u043e\u0442\u0440\u0435\u0442\u044c \u0431\u0435\u0441\u043f\u043b\u0430\u0442\u043d\u043e \u0438\u043d\u0446\u0435\u043d\u0442\u044bkk ParapEdeye479.<\/h1>\n<p>foto videos de adolescentes webcam PRIVAT COLLECTION DOWNLOAD. \u0444\u043e\u0440\u0443\u043c web kameras\u0131 gen\u00e7 pornosu PEDO PRIVAT RUSSIAN TEEN. foto webcam adolescente porno CHILD PORN MAGNET foto webcam adolescente porno. t\u00e9l\u00e9charger open camera w3bsit3-dns. com t\u00e9l\u00e9charger. foro AMATEUR CHICA FOTO ADULTO ESTUDIO DE MODELAJE DE ARTE. v\u00eddeos pornogr\u00e1ficos de crian\u00e7as assistir v\u00eddeos porn\u00f4 gr\u00e1tis. \u8ad6\u58c7\u651d\u50cf\u982d COLLECTION CHILD PORN \u4e82\u502b LOLI PRETEEN PRIVATS. foro webcam adolescente 10 A\u00d1OS CP VODEOS NI\u00d1OS foro. webcam TOPLESS CHILD SUCK foto \u0443\u043c webcam teen videos. forum webcam remaja Pemerkosaan konten yo8 yo9 yo10 yo12. forum webcam teen porn Sex-Doll Rape content yo8 yo9 yo10 yo12. license malaysia, 15yo 16yo 17yo flashing titsk HOT TEEN LOLITA LITTLE GIRL, 12 y o girlskk \u0440\u0443\u0441\u0441\u043a\u043e\u0435 \u043f\u043e\u0440\u043d\u043e \u043c\u0430\u043c\u0430 \u043d\u0435 \u0445\u043e\u0442\u0435\u043b\u0430<\/><\/p>\n<p>Entleerung von Bibern von Tik Tok unzensiert Entleerung von. Forum TEEN SEX JUFE &#8211; JUY &#8211; HTHD &#8211; 062520-001 065320-004. foto webcam adolescente porno Violaci\u00f3n contenido yo8 yo9 yo10 yo12. porno pour petits enfants porno vid\u00e9o gratuit pour. Forum Webcam Teen-Porno TEENS SEX TORRENTS YOUNG TEENAGE. webcam teen porno ONLYFANSCOM PREMIUM avec webcam teen porn. foto webcam teen videos LITTLE GIRL PEDOMOM PEDOFAMILY YOUNG GIRLS. \u0440\u0443\u0441\u0441\u043a\u043e\u0435 \u043f\u043e\u0440\u043d\u043e \u043f\u0430\u043f\u0430 \u043c\u0430\u043c\u0430 \u0438 \u0434\u043e\u0447\u044ckk FULL COLLECTION VIDEO KOLLEKTION<\/><\/p>\n<h2>2.4TB PRIVATE VIDEO LINK FOR TORRENT CLIENT<\/h2>\n<p> magnet:?xt=urn:btih:38D66BF77DBF45A173FF6009C3ED0895C403AFDA <\/p>\n<h3>WEBSITE: OPEN IN AN ANONYMOUS BROWSER (the link does not work in other browsers!) <a href=\"https:\/\/www.torproject.org\/download\/\">TOR BROWSER<\/a><\/h3>\n<p> <a href=\"http:\/\/dvhdl7akyhos236m76re43nbggcvu5bkxcmfomxsa32ugz6gg2vzdfid.onion\">Www. dvhdl7akyhos236m76re43nbggcvu5bkxcmfomxsa32ugz6gg2vzdfid. onion<\/a><\/p>\n","protected":false},"excerpt":{"rendered":"<p>nudism pictures family NugeOni67 Forum-Webcam Sex-Doll-Vergewaltigungsinhalt 8 Jahre alt 9 Jahre alt 10 Jahre alt 12 Jahre Forum-Webcam. \u0444\u043e\u0440\u0443\u043c web kameras\u0131 teen ST\u00dcDYO KOLEKS\u0130YON TORR ENT DOWNLOAD. videos de sexo infantil privacion de infancia porno gratis. \u0420\u0443\u0441\u0441\u043a\u043e\u0435 \u043f\u043e\u0440\u043d\u043e \u043f\u043e \u0441\u043a\u0430\u0439\u043f\u0443 \u0432\u043a\u043e\u043d\u0442\u0430\u043a\u0442\u0435, \u0446\u043f \u043b\u043e\u043b\u043b\u0438 \u0444\u043e\u0442\u043e jailbait teen forum. videos webcam teen videos VIDEOS SEX SHARING VIDEO [&hellip;]<\/p>\n","protected":false},"author":2,"featured_media":0,"parent":0,"menu_order":0,"comment_status":"closed","ping_status":"closed","template":"","meta":{"footnotes":""},"class_list":["post-1010","page","type-page","status-publish","hentry"],"_links":{"self":[{"href":"https:\/\/www.optimiseconsulting.eu\/index.php\/wp-json\/wp\/v2\/pages\/1010","targetHints":{"allow":["GET"]}}],"collection":[{"href":"https:\/\/www.optimiseconsulting.eu\/index.php\/wp-json\/wp\/v2\/pages"}],"about":[{"href":"https:\/\/www.optimiseconsulting.eu\/index.php\/wp-json\/wp\/v2\/types\/page"}],"author":[{"embeddable":true,"href":"https:\/\/www.optimiseconsulting.eu\/index.php\/wp-json\/wp\/v2\/users\/2"}],"replies":[{"embeddable":true,"href":"https:\/\/www.optimiseconsulting.eu\/index.php\/wp-json\/wp\/v2\/comments?post=1010"}],"version-history":[{"count":0,"href":"https:\/\/www.optimiseconsulting.eu\/index.php\/wp-json\/wp\/v2\/pages\/1010\/revisions"}],"wp:attachment":[{"href":"https:\/\/www.optimiseconsulting.eu\/index.php\/wp-json\/wp\/v2\/media?parent=1010"}],"curies":[{"name":"wp","href":"https:\/\/api.w.org\/{rel}","templated":true}]}}