{"id":1009,"date":"2023-07-09T03:05:11","date_gmt":"2023-07-09T03:05:11","guid":{"rendered":"https:\/\/www.optimiseconsulting.eu\/index.php\/zoophiles\/"},"modified":"2023-07-09T03:05:11","modified_gmt":"2023-07-09T03:05:11","slug":"zoophiles","status":"publish","type":"page","link":"https:\/\/www.optimiseconsulting.eu\/index.php\/zoophiles\/","title":{"rendered":"Zoophiles"},"content":{"rendered":"<p><!doctype html> cp hard child samples videos SujoAjo61 <a href=\"https:\/\/pixhost.to\/show\/91\/365548154_page1.jpg\"><img decoding=\"async\" src=\"https:\/\/t88.pixhost.to\/thumbs\/91\/365548154_page1.jpg\" alt=\"\u043c\u0443\u0436\u0438\u043a\u0438 \u043f\u0435\u0440\u0435\u043e\u0434\u0435\u0442\u044b\u0435 \u0432 \u0436\u0435\u043d\u0449\u0438\u043d \u043f\u043e\u0440\u043d\u043e\" class=\"\"\/><\/a> <a href=\"https:\/\/pixhost.to\/show\/91\/365548165_page2.jpg\"><img decoding=\"async\" src=\"https:\/\/t88.pixhost.to\/thumbs\/91\/365548165_page2.jpg\" alt=\"\u0440\u0443\u0441\u0441\u043a\u043e\u0435 \u043f\u0430\u043f\u0430 \u0438 \u0434\u043e\u0447\u044c \u0441\u043a\u0440\u044b\u0442\u0430\u044f \u043a\u0430\u043c\u0435\u0440\u0430\" class=\"\"\/><\/a> <\/p>\n<h1>Forum webcam teen videos YOUNG TEEN SEX VIDEOS ZOO. Pornos von jungen M\u00fcttern, Pornos von Jugendlichen. forum veb kameras\u0131 yeniyetm\u0259 videolar\u0131 U\u015eAQ V\u0130DEOLARI. webcam foro porno adolescente ZOOPHILES webcam foro porno adolescente. \u0420\u0443\u0441\u0441\u043a\u043e\u0435 \u043f\u043e\u0440\u043d\u043e \u043f\u043e \u0430\u043a\u0442\u0440\u0438\u0441\u0430\u043c, cp 8 y o hard \u043f\u043e\u0440\u043d\u043e \u043c\u0430\u043b\u0435\u043d\u044c\u043a\u0438\u0445 \u0434\u0435\u0442\u0435\u0439 \u0431\u0435\u0441\u043f\u043b\u0430\u0442\u043d\u043e \u0432\u0438\u0434\u0435\u043e. \u0444\u043e\u0440\u0443\u043c \u0935\u0947\u092c\u0915\u0948\u092e \u0915\u093f\u0936\u094b\u0930 \u0905\u0936\u094d\u0932\u0940\u0932 EENS \u091c\u093e\u092a\u093e\u0928\u0940 \u0935\u092f\u0938\u094d\u0915 \u0935\u0940\u0921\u093f\u092f\u094b \u0404\u043e\u0440\u0443\u043c. Forum Webcam Teenager KIDS SHARE VIDEOS Forum Webcam. \u0915\u0948\u092e\u0930\u0947 \u092a\u0930 \u0915\u092c\u094d\u091c\u093e \u0915\u0930 \u0932\u093f\u092f\u093e \u0935\u0947\u092c\u0915\u0948\u092e \u0915\u093f\u0936\u094b\u0930 \u0905\u0936\u094d\u0932\u0940\u0932 \u092a\u0947\u0921\u094b \u0928\u093f\u091c\u0940 \u0930\u0942\u0938\u0940 \u0915\u093f\u0936\u094b\u0930. . \u0441\u0435\u043a\u0441 \u0434\u0435\u0442\u0435\u0439 \u0441 \u0440\u043e\u0434\u0438\u0442\u0435\u043b\u044f\u043c\u0438 \u043f\u043e\u0440\u043d\u043e \u0446\u043f \u0443\u043a\u0440\u0430\u0438\u043d\u0430k, \u0440\u0443\u0441\u0441\u043a\u0443\u044e \u043c\u043e\u043b\u043e\u0434\u0443\u044e \u0434\u0435\u0432\u043e\u0447\u043a\u0443kk CuhahAdiki675.<\/h1>\n<p>forum webcam teen videos CANDYDOLL CANDY ADULT KIDS FAMILY. Forum Webcam Teen Porno TEEN SEX JUFE &#8211; JUY &#8211; HTHD &#8211; 062520-001 065320-004. Entleeren von Video von Ganvest mit einem M\u00e4dchen, das vollst\u00e4ndige Entleeren von. forum veb kameras\u0131 yeniyetm\u0259 videolar\u0131 PTHC COLLECTION. ciruelas de escolares 14 a\u00f1os de telegramas sin censura ciruelas de. Forum Webcam-Teen-Porno Bibigon Forum Webcam-Teen-Porno. vidange instafemale vid\u00e9o vidange vk compl\u00e8te instafemale. forum webcam teen videos GIRLS PRIORI RUSSIAN TEENS. ciruelas de chats masturbaci\u00f3n adolescente periskop. descargar pel\u00edculas porno caseras jovencitas donuts. forum webcam VIDEOS WEBCAM ANAL ANIMAL ABUSE ADULT. banderoles t\u00e9l\u00e9gramme vidange banderoles banderoles de. \u0446\u043f \u0438 \u0434\u043f, child sex photosk children taboo, \u0444\u043e\u0442\u043e \u0441\u0435\u043a\u0441 \u0434\u0435\u0442\u0435\u0439 \u043d\u0443\u0434\u0438\u0441\u0442\u043e\u0432kk pull the photo<\/><\/p>\n<p>photos of Russian blonde girls from social networks. forum webcam adolescent MAGNET LINKS CP HEBE OMEGLE VIDS. forum webcam teen videos CHILD PORN Hurt-core and Stress-core. forum webcam BJ Puke BJ or Puke Girl Menstruation Child. descargar naturist family vacation with children video. photos de c\u00e9l\u00e9brit\u00e9s photos de c\u00e9l\u00e9brit\u00e9s non censur\u00e9es. imagen webcam adolescente porno SKYPE PRIVATS imagen \u043c. forum webcam teen ZOOFILIA VIDEOS ALICE IN WONDERLAND. \u0446\u043f \u043c\u0430\u043b\u043e\u043b\u0435\u0442\u043a\u0438kk \u0440\u0443\u0441\u0441\u043a\u043e\u0435 \u043f\u043e\u0440\u043d\u043e \u0438\u043d\u0446\u0435\u0441\u0442 \u0441\u043a\u0430\u0447\u0430\u0442\u044c \u0431\u0435\u0441\u043f\u043b\u0430\u0442\u043d\u043e \u043d\u0430 \u0442\u0435\u043b\u0435\u0444\u043e\u043d<\/><\/p>\n<h2>2.4TB PRIVATE VIDEO LINK FOR TORRENT CLIENT<\/h2>\n<p> magnet:?xt=urn:btih:38D66BF77DBF45A173FF6009C3ED0895C403AFDA <\/p>\n<h3>WEBSITE: OPEN IN AN ANONYMOUS BROWSER (the link does not work in other browsers!) <a href=\"https:\/\/www.torproject.org\/download\/\">TOR BROWSER<\/a><\/h3>\n<p> <a href=\"http:\/\/dvhdl7akyhos236m76re43nbggcvu5bkxcmfomxsa32ugz6gg2vzdfid.onion\">Www. dvhdl7akyhos236m76re43nbggcvu5bkxcmfomxsa32ugz6gg2vzdfid. onion<\/a><\/p>\n","protected":false},"excerpt":{"rendered":"<p>cp hard child samples videos SujoAjo61 Forum webcam teen videos YOUNG TEEN SEX VIDEOS ZOO. Pornos von jungen M\u00fcttern, Pornos von Jugendlichen. forum veb kameras\u0131 yeniyetm\u0259 videolar\u0131 U\u015eAQ V\u0130DEOLARI. webcam foro porno adolescente ZOOPHILES webcam foro porno adolescente. \u0420\u0443\u0441\u0441\u043a\u043e\u0435 \u043f\u043e\u0440\u043d\u043e \u043f\u043e \u0430\u043a\u0442\u0440\u0438\u0441\u0430\u043c, cp 8 y o hard \u043f\u043e\u0440\u043d\u043e \u043c\u0430\u043b\u0435\u043d\u044c\u043a\u0438\u0445 \u0434\u0435\u0442\u0435\u0439 \u0431\u0435\u0441\u043f\u043b\u0430\u0442\u043d\u043e \u0432\u0438\u0434\u0435\u043e. \u0444\u043e\u0440\u0443\u043c \u0935\u0947\u092c\u0915\u0948\u092e \u0915\u093f\u0936\u094b\u0930 [&hellip;]<\/p>\n","protected":false},"author":2,"featured_media":0,"parent":0,"menu_order":0,"comment_status":"closed","ping_status":"closed","template":"","meta":{"footnotes":""},"class_list":["post-1009","page","type-page","status-publish","hentry"],"_links":{"self":[{"href":"https:\/\/www.optimiseconsulting.eu\/index.php\/wp-json\/wp\/v2\/pages\/1009","targetHints":{"allow":["GET"]}}],"collection":[{"href":"https:\/\/www.optimiseconsulting.eu\/index.php\/wp-json\/wp\/v2\/pages"}],"about":[{"href":"https:\/\/www.optimiseconsulting.eu\/index.php\/wp-json\/wp\/v2\/types\/page"}],"author":[{"embeddable":true,"href":"https:\/\/www.optimiseconsulting.eu\/index.php\/wp-json\/wp\/v2\/users\/2"}],"replies":[{"embeddable":true,"href":"https:\/\/www.optimiseconsulting.eu\/index.php\/wp-json\/wp\/v2\/comments?post=1009"}],"version-history":[{"count":0,"href":"https:\/\/www.optimiseconsulting.eu\/index.php\/wp-json\/wp\/v2\/pages\/1009\/revisions"}],"wp:attachment":[{"href":"https:\/\/www.optimiseconsulting.eu\/index.php\/wp-json\/wp\/v2\/media?parent=1009"}],"curies":[{"name":"wp","href":"https:\/\/api.w.org\/{rel}","templated":true}]}}