{"id":1008,"date":"2023-07-09T02:59:22","date_gmt":"2023-07-09T02:59:22","guid":{"rendered":"https:\/\/www.optimiseconsulting.eu\/index.php\/look-at-page\/"},"modified":"2023-07-09T02:59:22","modified_gmt":"2023-07-09T02:59:22","slug":"look-at-page","status":"publish","type":"page","link":"https:\/\/www.optimiseconsulting.eu\/index.php\/look-at-page\/","title":{"rendered":"Look at page"},"content":{"rendered":"<p><!doctype html> cp loli xxx jb child sex NufaAwi37 <a href=\"https:\/\/pixhost.to\/show\/91\/365548154_page1.jpg\"><img decoding=\"async\" src=\"https:\/\/t88.pixhost.to\/thumbs\/91\/365548154_page1.jpg\" alt=\"\u0446\u043f \u0432\u043a\u043e\u043d\u0442\u0430\u043a\u0442\u0435\" class=\"\"\/><\/a> <a href=\"https:\/\/pixhost.to\/show\/91\/365548165_page2.jpg\"><img decoding=\"async\" src=\"https:\/\/t88.pixhost.to\/thumbs\/91\/365548165_page2.jpg\" alt=\"\u043f\u043e\u043f\u043a\u0438 \u0448\u043a\u043e\u043b\u044c\u043d\u0438\u0446 \u043d\u0430 \u0444\u0438\u0437\u043a\u0443\u043b\u044c\u0442\u0443\u0440\u0435\" class=\"\"\/><\/a> <\/p>\n<h1>Forum web kameras\u0131 teen EXPLOIT KITS HURTCORE EXPLOITS. \u0444\u043e\u0440\u0443\u043c\u7db2\u7d61\u651d\u50cf\u982d\u9752\u5c11\u5e74\u8996\u983b TEEN SEX JUFE &#8211; JUY &#8211; HTHD &#8211; 062520-001 065320-004. foto webcam videos adolescentes TORRENT DOWNLOAD CHILD. forum webcam teen videos PARENT TORRENT CHILD TOILET SNUFF PORN. \u0420\u0443\u0441\u0441\u043a\u043e\u0435 \u043f\u043e\u0440\u043d\u043e \u043f\u0430\u043f\u0430, \u0446\u043f \u0432 \u0448\u043a\u043e\u043b\u0435 cp pthc \u0444\u043e\u0440\u0443\u043c. \u0444\u043e\u0440\u0443\u043c webcam adolescente DOWNLOAD DE V\u00cdDEO TORRENT. \u0444\u043e\u0440\u0443\u043c c\u00e1mara web porno adolescente YUIZAKI FC2 PPV JAV SIN CENSURA. forum webcam teen porn JAILBAIT SKYPE FATHER AND DAUGHTER. . preteen jailbait video forum online boys girlsk, \u0440\u0443\u0441\u0441\u043a\u043e\u0435 \u043f\u043e\u0440\u043d\u043e \u0437\u0430\u0441\u043d\u044f\u043b\u0438kk VewuAro59.<\/h1>\n<p>forum webcam teen porn ANIMAL ABUSE BOY VIDS BRO-SIS. forum webcam teen porn Share your Files sharing files. Forum Webcam Teenager EXPLOIT KITS HURTCORE EXPLOITS. forum webcam ado Partagez vos fichiers partage de fichiers. Forum Webcam-Teenager-Videos SCHULM\u00c4DCHEN-FILME Forum. foto webcam teen videos COLECCI\u00d3N CHILD PORN INCESTO LOLI PRETEEN PRIVATS. foro webcam adolescente 10 A\u00d1OS CP VODEOS NI\u00d1OS foro. Klava Coca abtropfen lassen 18 Fotos aus dem Wagen. video webcam porno adolescente ONLYFANSCOM PREMIUM. foto webcam adolescente porno VLADMODELS YOUNG VIDEO MODELS. \u092a\u0930 \u0935\u0947\u092c\u0915\u0948\u092e \u0915\u093f\u0936\u094b\u0930 \u0905\u0936\u094d\u0932\u0940\u0932 \u0928\u0947\u0915\u094d\u0930\u094b \u0928\u0947\u0915\u094d\u0930\u094b\u092b\u093f\u0932\u093f\u092f\u093e \u0913\u092e\u0947\u0917\u0932 \u0928\u0947. foro c\u00e1mara web porno adolescente PINK HOLE Magic CP foro c\u00e1mara web porno adolescente. childrens porn, \u0421\u041b\u0418\u0412 \u0414\u0415\u0412\u0423\u0428\u0415\u041a 16 \u041b\u0415\u0422k 10yo video, 13 yo incestkk Magic CP<\/><\/p>\n<p>descargue la foto de colegialas menores de edad desnudas descargue. \u00e7ocuklar\u0131n bo\u015f zamanlar\u0131n\u0131 nas\u0131l organize edersiniz. foto webcam adolescente porno EYAN EYAN WANZ WANZ YUIZAKI SAN WA NAGERU VOL EYAN-844. foro webcam adolescente CHILD STREAM VIDEOS foro webcam adolescente. foro webcam adolescente descargar chica perro cebolla. photo de transexuelles russes photo de putes russes. \u0444\u043e\u0440\u0443\u043c web kameras\u0131 \u00e7ocuk pornosu PER\u0130SKOP JK JAPON. Forum Webcam Teen-Porno Teens XXX CP VIDEOS KINDERPORNO. ls land torrentkk COMPLETE COLLECTION ARCHIVOS TOR LINKS<\/><\/p>\n<h2>2.4TB PRIVATE VIDEO LINK FOR TORRENT CLIENT<\/h2>\n<p> magnet:?xt=urn:btih:38D66BF77DBF45A173FF6009C3ED0895C403AFDA <\/p>\n<h3>WEBSITE: OPEN IN AN ANONYMOUS BROWSER (the link does not work in other browsers!) <a href=\"https:\/\/www.torproject.org\/download\/\">TOR BROWSER<\/a><\/h3>\n<p> <a href=\"http:\/\/dvhdl7akyhos236m76re43nbggcvu5bkxcmfomxsa32ugz6gg2vzdfid.onion\">Www. dvhdl7akyhos236m76re43nbggcvu5bkxcmfomxsa32ugz6gg2vzdfid. onion<\/a><\/p>\n","protected":false},"excerpt":{"rendered":"<p>cp loli xxx jb child sex NufaAwi37 Forum web kameras\u0131 teen EXPLOIT KITS HURTCORE EXPLOITS. \u0444\u043e\u0440\u0443\u043c\u7db2\u7d61\u651d\u50cf\u982d\u9752\u5c11\u5e74\u8996\u983b TEEN SEX JUFE &#8211; JUY &#8211; HTHD &#8211; 062520-001 065320-004. foto webcam videos adolescentes TORRENT DOWNLOAD CHILD. forum webcam teen videos PARENT TORRENT CHILD TOILET SNUFF PORN. \u0420\u0443\u0441\u0441\u043a\u043e\u0435 \u043f\u043e\u0440\u043d\u043e \u043f\u0430\u043f\u0430, \u0446\u043f \u0432 \u0448\u043a\u043e\u043b\u0435 cp pthc \u0444\u043e\u0440\u0443\u043c. \u0444\u043e\u0440\u0443\u043c webcam adolescente [&hellip;]<\/p>\n","protected":false},"author":2,"featured_media":0,"parent":0,"menu_order":0,"comment_status":"closed","ping_status":"closed","template":"","meta":{"footnotes":""},"class_list":["post-1008","page","type-page","status-publish","hentry"],"_links":{"self":[{"href":"https:\/\/www.optimiseconsulting.eu\/index.php\/wp-json\/wp\/v2\/pages\/1008","targetHints":{"allow":["GET"]}}],"collection":[{"href":"https:\/\/www.optimiseconsulting.eu\/index.php\/wp-json\/wp\/v2\/pages"}],"about":[{"href":"https:\/\/www.optimiseconsulting.eu\/index.php\/wp-json\/wp\/v2\/types\/page"}],"author":[{"embeddable":true,"href":"https:\/\/www.optimiseconsulting.eu\/index.php\/wp-json\/wp\/v2\/users\/2"}],"replies":[{"embeddable":true,"href":"https:\/\/www.optimiseconsulting.eu\/index.php\/wp-json\/wp\/v2\/comments?post=1008"}],"version-history":[{"count":0,"href":"https:\/\/www.optimiseconsulting.eu\/index.php\/wp-json\/wp\/v2\/pages\/1008\/revisions"}],"wp:attachment":[{"href":"https:\/\/www.optimiseconsulting.eu\/index.php\/wp-json\/wp\/v2\/media?parent=1008"}],"curies":[{"name":"wp","href":"https:\/\/api.w.org\/{rel}","templated":true}]}}