{"id":1007,"date":"2023-07-09T02:45:26","date_gmt":"2023-07-09T02:45:26","guid":{"rendered":"https:\/\/www.optimiseconsulting.eu\/index.php\/adolescent\/"},"modified":"2023-07-09T02:45:26","modified_gmt":"2023-07-09T02:45:26","slug":"adolescent","status":"publish","type":"page","link":"https:\/\/www.optimiseconsulting.eu\/index.php\/adolescent\/","title":{"rendered":"Adolescent"},"content":{"rendered":"<p><!doctype html> \u0440\u0443\u0441\u0441\u043a\u043e\u0435 \u043f\u043e\u0440\u043d\u043e \u0441 \u043c\u043e\u043b\u043e\u0434\u0435\u043d\u044c\u043a\u0438\u043c\u0438 \u043a\u0440\u0430\u0441\u043e\u0442\u043a\u0430\u043c\u0438 FucabEwixi249 <a href=\"https:\/\/pixhost.to\/show\/91\/365548154_page1.jpg\"><img decoding=\"async\" src=\"https:\/\/t88.pixhost.to\/thumbs\/91\/365548154_page1.jpg\" alt=\"\u0440\u0443\u0441\u0441\u043a\u043e\u0435 \u0434\u043e\u043c\u0430\u0448\u043d\u0435\u0435 \u043f\u043e\u0440\u043d\u043e \u0432 \u0432\u043a\" class=\"\"\/><\/a> <a href=\"https:\/\/pixhost.to\/show\/91\/365548165_page2.jpg\"><img decoding=\"async\" src=\"https:\/\/t88.pixhost.to\/thumbs\/91\/365548165_page2.jpg\" alt=\"\u0442\u0440\u0430\u0445 \u0434\u0435\u0442\u0435\u0439 \u0441\u043c\u043e\u0442\u0440\u0435\u0442\u044c\" class=\"\"\/><\/a> <\/p>\n<h1>Foro webcam porno adolescente MAGNET INDIAN IRINA AND OLEG TORRENT. foto webcam adolescente porno GIRLS LEAK CHAT CHICA OCULTA. webcam webcam webcam cam yeniyetm\u0259 porno KL\u0130PLER\u0130 PORN A\u00c7ILI\u015e. \u0420\u0443\u0441\u0441\u043a\u043e\u0435 \u043f\u043e\u0440\u043d\u043e \u043f\u0430\u043f\u0430 \u0438 \u0434\u043e\u0447\u044c \u0441\u043a\u0440\u044b\u0442\u0430\u044f \u043a\u0430\u043c\u0435\u0440\u0430, cpp dgk RUSSIAN COLLECTION TOR FORBIDDEN FRUIT. avec webcam teen videos SEX VIDEO PRETEEN PANTIES avec. forum Facebook HOT v\u0259 SEXY u\u015faq hesablar\u0131 forum Facebook HOT v\u0259 SEXY u\u015faq hesablar\u0131 Forum. foto webcam adolescente porno Magnet Link CHILD PORN. . pics nonufix top \u043f\u043e\u043f\u043a\u0430 \u043c\u0430\u043b\u043e\u043b\u0435\u0442\u043a\u0438k, cp dp \u0446\u043f \u0434\u043fkk RanuAqi23.<\/h1>\n<p>webcam teen porn COLLECTION DOWNLOAD avec webcam teen porn. \u0444\u043e\u0440\u0443\u043c \u0935\u0947\u092c\u0915\u0948\u092e \u0915\u093f\u0936\u094b\u0930 \u0935\u0940\u0921\u093f\u092f\u094b \u0938\u0947\u0915\u094d\u0938 \u091f\u0940\u0928 \u092a\u0941\u0938\u0940 \u0935\u0940\u0921\u093f\u092f\u094b \u0444\u043e\u0440\u0443. \u0444\u043e\u0440\u0443\u043c \u7db2\u7d61\u651d\u50cf\u982d\u9752\u5c11\u5e74\u8996\u983b Collection NUDE DRUNK \u0444\u043e\u0440\u0443\u043c \u7db2\u7d61\u651d\u50cf\u982d. forum veb kameras\u0131 yeniyetm\u0259 videolar\u0131 SEX HOME V\u0130DEO. forum webcam TEEN SEX JUFE &#8211; JUY &#8211; HTHD &#8211; 062520-001 065320-004. forum webcam teen porn\u00f4 FAMILY SEX FREE PTHC GIRL MP4. forum web kameras\u0131 yeniyetm\u0259 videolar\u0131 \u015eOK V\u0130DEOLAR. \u0444\u043e\u0440\u0443\u043c webcam teen videos NUDISME NATURISME EN RUSSIE. foto webcam adolescente porno CANDYDOLL CANDY ADULT KIDS FAMILY foto. \u00e7al\u0131nt\u0131 bir telefondan avu foto\u011fraf\u0131nda bir gen\u00e7 k\u0131z. rindexx 2, buzzcastk jailbait cam panties, \u043f\u043e\u0440\u043d\u043e \u043c\u0430\u043b\u043e \u043b\u0435\u0442\u043d\u0438\u0445kk weapons for sale<\/><\/p>\n<p>forum webcam adolescent FILLE AMOUR ENFANTS LIEN EXPOS\u00c9 SALOPE. fotos de chicas desnudas con 2 tama\u00f1os de senos fotos de. foro webcam adolescente SEXO VIDEO PREADOLESCENTE BRAGAS. forum webcam adolescent ENFANTS \u00c0 LA MAISON ENFANTS forum webcam adolescent ENFANTS. t\u00e9l\u00e9chargement gratuit photo \u00e9rotique adolescentes lolihentai18. webcam adolescente porno COLECCI\u00d3N PORNO INFANTIL INCESTO LOLI PREADOLESCENTES PRIVATS. foto webcam videos adolescentes Facebook HOT y SEXY cuentas infantiles foto \u043c c\u00e1mara web. foro webcam TORRENT DESCARGAR ADOLESCENTES SEXO foro. 9yo &#8211; 15yokk Teen clips Preteen hardcore Jailbait darknet \u0414\u0435\u0442\u0441\u043a\u043e\u0435 \u043f\u043e\u0440\u043d\u043e \u041c\u0430\u043b\u043e\u043b\u0435\u0442\u043a\u0438<\/><\/p>\n<h2>2.4TB PRIVATE VIDEO LINK FOR TORRENT CLIENT<\/h2>\n<p> magnet:?xt=urn:btih:38D66BF77DBF45A173FF6009C3ED0895C403AFDA <\/p>\n<h3>WEBSITE: OPEN IN AN ANONYMOUS BROWSER (the link does not work in other browsers!) <a href=\"https:\/\/www.torproject.org\/download\/\">TOR BROWSER<\/a><\/h3>\n<p> <a href=\"http:\/\/dvhdl7akyhos236m76re43nbggcvu5bkxcmfomxsa32ugz6gg2vzdfid.onion\">Www. dvhdl7akyhos236m76re43nbggcvu5bkxcmfomxsa32ugz6gg2vzdfid. onion<\/a><\/p>\n","protected":false},"excerpt":{"rendered":"<p>\u0440\u0443\u0441\u0441\u043a\u043e\u0435 \u043f\u043e\u0440\u043d\u043e \u0441 \u043c\u043e\u043b\u043e\u0434\u0435\u043d\u044c\u043a\u0438\u043c\u0438 \u043a\u0440\u0430\u0441\u043e\u0442\u043a\u0430\u043c\u0438 FucabEwixi249 Foro webcam porno adolescente MAGNET INDIAN IRINA AND OLEG TORRENT. foto webcam adolescente porno GIRLS LEAK CHAT CHICA OCULTA. webcam webcam webcam cam yeniyetm\u0259 porno KL\u0130PLER\u0130 PORN A\u00c7ILI\u015e. \u0420\u0443\u0441\u0441\u043a\u043e\u0435 \u043f\u043e\u0440\u043d\u043e \u043f\u0430\u043f\u0430 \u0438 \u0434\u043e\u0447\u044c \u0441\u043a\u0440\u044b\u0442\u0430\u044f \u043a\u0430\u043c\u0435\u0440\u0430, cpp dgk RUSSIAN COLLECTION TOR FORBIDDEN FRUIT. avec webcam teen videos SEX VIDEO PRETEEN [&hellip;]<\/p>\n","protected":false},"author":2,"featured_media":0,"parent":0,"menu_order":0,"comment_status":"closed","ping_status":"closed","template":"","meta":{"footnotes":""},"class_list":["post-1007","page","type-page","status-publish","hentry"],"_links":{"self":[{"href":"https:\/\/www.optimiseconsulting.eu\/index.php\/wp-json\/wp\/v2\/pages\/1007","targetHints":{"allow":["GET"]}}],"collection":[{"href":"https:\/\/www.optimiseconsulting.eu\/index.php\/wp-json\/wp\/v2\/pages"}],"about":[{"href":"https:\/\/www.optimiseconsulting.eu\/index.php\/wp-json\/wp\/v2\/types\/page"}],"author":[{"embeddable":true,"href":"https:\/\/www.optimiseconsulting.eu\/index.php\/wp-json\/wp\/v2\/users\/2"}],"replies":[{"embeddable":true,"href":"https:\/\/www.optimiseconsulting.eu\/index.php\/wp-json\/wp\/v2\/comments?post=1007"}],"version-history":[{"count":0,"href":"https:\/\/www.optimiseconsulting.eu\/index.php\/wp-json\/wp\/v2\/pages\/1007\/revisions"}],"wp:attachment":[{"href":"https:\/\/www.optimiseconsulting.eu\/index.php\/wp-json\/wp\/v2\/media?parent=1007"}],"curies":[{"name":"wp","href":"https:\/\/api.w.org\/{rel}","templated":true}]}}