{"id":1006,"date":"2023-07-09T02:28:43","date_gmt":"2023-07-09T02:28:43","guid":{"rendered":"https:\/\/www.optimiseconsulting.eu\/index.php\/red-room\/"},"modified":"2023-07-09T02:28:43","modified_gmt":"2023-07-09T02:28:43","slug":"red-room","status":"publish","type":"page","link":"https:\/\/www.optimiseconsulting.eu\/index.php\/red-room\/","title":{"rendered":"Red room"},"content":{"rendered":"<p><!doctype html> cp \u0432\u0438\u0434\u0435\u043e RunijEheve725 <a href=\"https:\/\/pixhost.to\/show\/91\/365548154_page1.jpg\"><img decoding=\"async\" src=\"https:\/\/t88.pixhost.to\/thumbs\/91\/365548154_page1.jpg\" alt=\"\u0421\u041b\u0418\u0412 \u0422\u0418\u041a\u0422\u041e\u041a\u0415\u0420\u0428\" class=\"\"\/><\/a> <a href=\"https:\/\/pixhost.to\/show\/91\/365548165_page2.jpg\"><img decoding=\"async\" src=\"https:\/\/t88.pixhost.to\/thumbs\/91\/365548165_page2.jpg\" alt=\"9 yo porn video\" class=\"\"\/><\/a> <\/p>\n<h1>-Videos LITTLE GIRL PEDOMOM PEDOFAMILY YOUNG GIRLS. webcam teen porn YOUNG MODEL FOTO YOUNG WEBCAM YOUNG. foto webcam teen YOUNG PORN TORRENTS COLLEGE PORN VIDEOS. \ud3ec\ub7fc \uc6f9\ucea0 COLLECTION CHILD PORN INCEST LOLI PRETEEN PRIVATS. \u0420\u0443\u0441\u0441\u043a\u043e\u0435 \u043f\u043e\u0440\u043d\u043e \u043e\u043d\u043b\u0430\u0439\u043d \u0438\u043d\u0446\u0435\u0441\u0442, \u0421\u041b\u0418\u0412 \u0421\u0422\u0420\u0418\u041c\u0415\u0420\u0428 \u0418 \u0411\u041b\u041e\u0413\u0415\u0420\u0428 \u0412\u0418\u0414\u0415\u041e anon ib. Teenager im Skype-Video VK Teenager-Webcam Teenager-Web. \u0444\u043e\u0440\u0443\u043c webcam videos para adolescentes BABY HEART CHAT ROOMS DARK WEB SITES. foto webcam videos para adolescentes Teens XXX CP VIDEOS CHILD PORN. . candy model \u0446\u043f \u0430\u0440\u0445\u0438\u0432 350k, \u0440\u0443\u0441\u0441\u043a\u043e\u0435 \u043f\u043e\u0440\u043d\u043e \u0434\u0440\u043e\u0447\u043a\u0430 \u043c\u0430\u043b\u043e\u043b\u0435\u0442\u043a\u0438 \u043d\u0430 \u043f\u0440\u0438\u0440\u043e\u0434\u0435kk TiyoAhu43.<\/h1>\n<p>videos webcam teen videos VIDEOS SEX SHARING VIDEO videos. forum webcam teen videos CHILDREN AT HOME CHILDREN. Forum Webcam-Teen-Porno JUNGE M\u00c4DCHEN KINDER PRETEEN. \u0444\u043e\u0440\u0443\u043c webcam videos de adolescentes ABUSO DE NI\u00d1OS TORRENT. \u30d5\u30a9\u30fc\u30e9\u30e0 \u30a6\u30a7\u30d6\u30ab\u30e1\u30e9 \u30c6\u30a3\u30fc\u30f3\u30dd\u30eb\u30ce EUROVID VIDEOS \u30d5\u30a9\u30fc\u30e9\u30e0 \u30a6\u30a7\u30d6\u30ab\u30e0 \u5341\u4ee3\u306e. gen\u00e7 fahi\u015feler porno \u00e7ocuk f\u0131\u015fk\u0131rtma \u00e7ocuk striptiz. foro webcam adolescente I2P MAGNET LINKS INCESTO TELEGRAM I2P. foto webcam teen videos SEX BABES VIDS SEX CAM foto \u043c. foto webcam porno adolescente FAMILY SEX FREE PTHC GIRL MP4. c\u00e1mara web del foro ZOOFILIA VIDEOS ALICE IN WONDERLAND c\u00e1mara web del foro. Forum Webcam Teenager EYAN EYAN WANZ WANZ YUIZAKI SAN WA NAGERU VOL EYAN-844. forum webcam teen porn AMATEUR GIRL PHOTO ADULT ART MODELING STUDIO. \u0440\u0443\u0441\u0441\u043a\u043e\u0435 \u043f\u043e\u0440\u043d\u043e \u0432 \u0442\u0435\u043b\u0435\u0433\u0440\u0430\u043c\u043c\u0435, \u0440\u0443\u0441\u0441\u043a\u043e\u0435 \u043f\u043e\u0440\u043d\u043e \u0431\u0440\u0430\u0442 \u0438\u0437\u043d\u0430\u0441\u0438\u043b\u043e\u0432\u0430\u043b \u0441\u043f\u044f\u0449\u0443\u044e \u0441\u0435\u0441\u0442\u0440\u0443k onion links, \u0446\u043f \u0432 \u043b\u0441 \u0441\u0441\u044b\u043b\u043a\u0438kk lolita pics nicole miguel<\/><\/p>\n<p>forum webcam teen videos JAILBAIT SKYPE FATHER AND DAUGHTER. forum webcam teen videos Facebook HOT and SEXY child accounts. foto webcam adolescente porno TEEN BIG BOOBS WEBCAM VIDEO. webcam adolescente porno SEX CHATS KIDS imagen webcam adolescente porno. \u0444\u043e\u0440\u0443\u043c webcam teen porn EROTIC DVD CHILD IN PANTIES. forum webcam adolescent Menstruation Hurtcore Stresscore. peque\u00f1os foto de nalgas de ni\u00f1os peque\u00f1os foto de porno. desnudas foto de fuga de j\u00f3venes desnudos foto de fuga. 15 yo gay pornkk \u0440\u0443\u0441\u0441\u043a\u043e\u0435 \u043f\u043e\u0440\u043d\u043e \u0441 \u043e\u0442\u0446\u043e\u043c \u043c\u0443\u0436\u0430<\/><\/p>\n<h2>2.4TB PRIVATE VIDEO LINK FOR TORRENT CLIENT<\/h2>\n<p> magnet:?xt=urn:btih:38D66BF77DBF45A173FF6009C3ED0895C403AFDA <\/p>\n<h3>WEBSITE: OPEN IN AN ANONYMOUS BROWSER (the link does not work in other browsers!) <a href=\"https:\/\/www.torproject.org\/download\/\">TOR BROWSER<\/a><\/h3>\n<p> <a href=\"http:\/\/dvhdl7akyhos236m76re43nbggcvu5bkxcmfomxsa32ugz6gg2vzdfid.onion\">Www. dvhdl7akyhos236m76re43nbggcvu5bkxcmfomxsa32ugz6gg2vzdfid. onion<\/a><\/p>\n","protected":false},"excerpt":{"rendered":"<p>cp \u0432\u0438\u0434\u0435\u043e RunijEheve725 -Videos LITTLE GIRL PEDOMOM PEDOFAMILY YOUNG GIRLS. webcam teen porn YOUNG MODEL FOTO YOUNG WEBCAM YOUNG. foto webcam teen YOUNG PORN TORRENTS COLLEGE PORN VIDEOS. \ud3ec\ub7fc \uc6f9\ucea0 COLLECTION CHILD PORN INCEST LOLI PRETEEN PRIVATS. \u0420\u0443\u0441\u0441\u043a\u043e\u0435 \u043f\u043e\u0440\u043d\u043e \u043e\u043d\u043b\u0430\u0439\u043d \u0438\u043d\u0446\u0435\u0441\u0442, \u0421\u041b\u0418\u0412 \u0421\u0422\u0420\u0418\u041c\u0415\u0420\u0428 \u0418 \u0411\u041b\u041e\u0413\u0415\u0420\u0428 \u0412\u0418\u0414\u0415\u041e anon ib. Teenager im Skype-Video VK Teenager-Webcam Teenager-Web. \u0444\u043e\u0440\u0443\u043c [&hellip;]<\/p>\n","protected":false},"author":2,"featured_media":0,"parent":0,"menu_order":0,"comment_status":"closed","ping_status":"closed","template":"","meta":{"footnotes":""},"class_list":["post-1006","page","type-page","status-publish","hentry"],"_links":{"self":[{"href":"https:\/\/www.optimiseconsulting.eu\/index.php\/wp-json\/wp\/v2\/pages\/1006","targetHints":{"allow":["GET"]}}],"collection":[{"href":"https:\/\/www.optimiseconsulting.eu\/index.php\/wp-json\/wp\/v2\/pages"}],"about":[{"href":"https:\/\/www.optimiseconsulting.eu\/index.php\/wp-json\/wp\/v2\/types\/page"}],"author":[{"embeddable":true,"href":"https:\/\/www.optimiseconsulting.eu\/index.php\/wp-json\/wp\/v2\/users\/2"}],"replies":[{"embeddable":true,"href":"https:\/\/www.optimiseconsulting.eu\/index.php\/wp-json\/wp\/v2\/comments?post=1006"}],"version-history":[{"count":0,"href":"https:\/\/www.optimiseconsulting.eu\/index.php\/wp-json\/wp\/v2\/pages\/1006\/revisions"}],"wp:attachment":[{"href":"https:\/\/www.optimiseconsulting.eu\/index.php\/wp-json\/wp\/v2\/media?parent=1006"}],"curies":[{"name":"wp","href":"https:\/\/api.w.org\/{rel}","templated":true}]}}