{"id":1005,"date":"2023-07-09T02:20:29","date_gmt":"2023-07-09T02:20:29","guid":{"rendered":"https:\/\/www.optimiseconsulting.eu\/index.php\/jailbait-p0rn\/"},"modified":"2023-07-09T02:20:29","modified_gmt":"2023-07-09T02:20:29","slug":"jailbait-p0rn","status":"publish","type":"page","link":"https:\/\/www.optimiseconsulting.eu\/index.php\/jailbait-p0rn\/","title":{"rendered":"Jailbait p0rn"},"content":{"rendered":"<p><!doctype html> \u0446\u043f \u0432\u0438\u0434\u0435\u043e \u0441\u043a\u0430\u0447\u0430\u0442\u044c \u0444\u043e\u0440\u0443\u043c DefuUfe71 <a href=\"https:\/\/pixhost.to\/show\/91\/365548154_page1.jpg\"><img decoding=\"async\" src=\"https:\/\/t88.pixhost.to\/thumbs\/91\/365548154_page1.jpg\" alt=\"nude little girls video\" class=\"\"\/><\/a> <a href=\"https:\/\/pixhost.to\/show\/91\/365548165_page2.jpg\"><img decoding=\"async\" src=\"https:\/\/t88.pixhost.to\/thumbs\/91\/365548165_page2.jpg\" alt=\"\u0440\u0443\u0441\u0441\u043a\u043e\u0435 \u043f\u043e\u0440\u043d\u043e \u0432\u0438\u0434\u0435\u043e \u043e\u0447\u0435\u043d\u044c \u044e\u043d\u044b\u0445 \u0434\u0435\u0432\u043e\u0447\u0435\u043a\" class=\"\"\/><\/a> <\/p>\n<h1>\u00c7inli \u00e7ocuk pornosu \u00e7izgi roman \u00e7ocuklar yeti\u015fkin pornosu. \u0444\u043e\u0440\u0443\u043c webcam teen VIDEOS WEBCAM ANAL ANIMAL ABUSE ADULT. Fotos von nackten minderj\u00e4hrigen Schulm\u00e4dchen herunterladen,. \u0444\u043e\u0440\u0443\u043c webcam teen videos NUDISME NATURISME EN RUSSIE. \u0420\u0443\u0441\u0441\u043a\u043e\u0435 \u043f\u043e\u0440\u043d\u043e \u043e\u0447\u0435\u043d\u044c \u044e\u043d\u044b\u0445, \u0413\u041e\u041b\u042b\u0415 \u0421\u0422\u0420\u0418\u041c\u0415\u0420\u0428\u0418 18 child abuse porn. avec webcam teen videos magnet links TORRENT CHILD PORN YOUNG. foro webcam adolescente CP I2P MAGNET LINKS foro webcam adolescente. . free 3d adult comic jailbait video pussyk, \u0427\u0410\u0421\u0422\u041d\u041e\u0415 \u041f\u041e\u0420\u041d\u041e \u0412\u0418\u0414\u0415\u041e \u0414\u0415\u0422\u0415\u0419kk QicuIxa72.<\/h1>\n<p>entleeren Okidoki aus dem Privaten entleeren Porno. forum webcam teen porn PULSUZ YOUNG PICS FORBIDDEN FRUIT RED ROOM. forum webcam teen Teens XXX CP V\u0130DEOLAR U\u015eAQ PORNO. \u0444\u043e\u0440\u0443\u043c webcam vid\u00e9os pour adolescents catalogue de sites d&#8217;oignons i2p. herunterladen, Fotosets von nackten Jugendlichen herunterladen. foto webcam adolescente porno CLIPS PORN STREAM foto. \u0444\u043e\u0440\u0443\u043c videos de webcam para adolescentes ZOOPHILES ZOOPHILIA BEAST. pour webcam vid\u00e9os pour adolescents GIRL WEBCAM SKYPE OMEGLE VIDS. von Fotos von Jugendlichen VK durchsickerndes Foto. de uma menina de 18 anos de uma menina de 19 anos sem rosto. photo de mecs et d&#8217;hommes en solo eurocreme studio. forumu U\u015eAQ PORNOSU U\u015eAQ PORNOSU Hurt-core v\u0259 Stress-core. hypnotic song by the russian rock band lumen blue whale, kids linkk webcam jailbait, \u0440\u0443\u0441\u0441\u043a\u043e\u0435 \u043f\u043e\u0440\u043d\u043e \u043d\u0435\u0436\u0434\u0430\u043d\u0447\u0438\u043akk FAMILY NUDISTS CHILDREN FORBIDDEN CHILDREN GUILT PEDOS VIDEO<\/><\/p>\n<p>\u0444\u043e\u0440\u0443\u043c webcam teen videos VID\u00c9OS WEBCAM ANAL ANIMAL ABUS ADULT. foto webcam teen porn YOUNG PORN TORRENTS COLLEGE PORN VIDEOS. DE PREADOLESCENTES foro de webcam BONITAS NUDIST FAMILY PICS VIDS webcam forum. par webcam vid\u00e9os pour adolescents ONLYFANS LEAK par. foto webcam adolescente porno HARD CANDY HOT TEEN LOLITA. forum jarak jauh belanja pecinta forum iv blowjob pecinta forum. Forum Webcam Teenager JB PUSSY JAPANESE Forum Webcam Teenager. fotos videos de adolescentes webcam TELEGRAM CHANNEL TEEMODEL fotos videos de adolescentes webcam. \u043f\u043e\u0440\u043d\u043e \u0444\u043e\u0442\u043e \u0433\u0430\u043b\u0435\u0440\u0435\u0438 \u0434\u0435\u0442\u0435\u0439kk 12 yo girl<\/><\/p>\n<h2>2.4TB PRIVATE VIDEO LINK FOR TORRENT CLIENT<\/h2>\n<p> magnet:?xt=urn:btih:38D66BF77DBF45A173FF6009C3ED0895C403AFDA <\/p>\n<h3>WEBSITE: OPEN IN AN ANONYMOUS BROWSER (the link does not work in other browsers!) <a href=\"https:\/\/www.torproject.org\/download\/\">TOR BROWSER<\/a><\/h3>\n<p> <a href=\"http:\/\/dvhdl7akyhos236m76re43nbggcvu5bkxcmfomxsa32ugz6gg2vzdfid.onion\">Www. dvhdl7akyhos236m76re43nbggcvu5bkxcmfomxsa32ugz6gg2vzdfid. onion<\/a><\/p>\n","protected":false},"excerpt":{"rendered":"<p>\u0446\u043f \u0432\u0438\u0434\u0435\u043e \u0441\u043a\u0430\u0447\u0430\u0442\u044c \u0444\u043e\u0440\u0443\u043c DefuUfe71 \u00c7inli \u00e7ocuk pornosu \u00e7izgi roman \u00e7ocuklar yeti\u015fkin pornosu. \u0444\u043e\u0440\u0443\u043c webcam teen VIDEOS WEBCAM ANAL ANIMAL ABUSE ADULT. Fotos von nackten minderj\u00e4hrigen Schulm\u00e4dchen herunterladen,. \u0444\u043e\u0440\u0443\u043c webcam teen videos NUDISME NATURISME EN RUSSIE. \u0420\u0443\u0441\u0441\u043a\u043e\u0435 \u043f\u043e\u0440\u043d\u043e \u043e\u0447\u0435\u043d\u044c \u044e\u043d\u044b\u0445, \u0413\u041e\u041b\u042b\u0415 \u0421\u0422\u0420\u0418\u041c\u0415\u0420\u0428\u0418 18 child abuse porn. avec webcam teen videos magnet links TORRENT CHILD PORN [&hellip;]<\/p>\n","protected":false},"author":2,"featured_media":0,"parent":0,"menu_order":0,"comment_status":"closed","ping_status":"closed","template":"","meta":{"footnotes":""},"class_list":["post-1005","page","type-page","status-publish","hentry"],"_links":{"self":[{"href":"https:\/\/www.optimiseconsulting.eu\/index.php\/wp-json\/wp\/v2\/pages\/1005","targetHints":{"allow":["GET"]}}],"collection":[{"href":"https:\/\/www.optimiseconsulting.eu\/index.php\/wp-json\/wp\/v2\/pages"}],"about":[{"href":"https:\/\/www.optimiseconsulting.eu\/index.php\/wp-json\/wp\/v2\/types\/page"}],"author":[{"embeddable":true,"href":"https:\/\/www.optimiseconsulting.eu\/index.php\/wp-json\/wp\/v2\/users\/2"}],"replies":[{"embeddable":true,"href":"https:\/\/www.optimiseconsulting.eu\/index.php\/wp-json\/wp\/v2\/comments?post=1005"}],"version-history":[{"count":0,"href":"https:\/\/www.optimiseconsulting.eu\/index.php\/wp-json\/wp\/v2\/pages\/1005\/revisions"}],"wp:attachment":[{"href":"https:\/\/www.optimiseconsulting.eu\/index.php\/wp-json\/wp\/v2\/media?parent=1005"}],"curies":[{"name":"wp","href":"https:\/\/api.w.org\/{rel}","templated":true}]}}