{"id":1004,"date":"2023-07-09T02:17:04","date_gmt":"2023-07-09T02:17:04","guid":{"rendered":"https:\/\/www.optimiseconsulting.eu\/index.php\/secretstars-lisa\/"},"modified":"2023-07-09T02:17:04","modified_gmt":"2023-07-09T02:17:04","slug":"secretstars-lisa","status":"publish","type":"page","link":"https:\/\/www.optimiseconsulting.eu\/index.php\/secretstars-lisa\/","title":{"rendered":"Secretstars lisa"},"content":{"rendered":"<p><!doctype html> \u043f\u043e\u0440\u043d\u043e \u0432\u0438\u0434\u0435\u043e \u0434\u0435\u0442\u0441\u043a\u0430\u044f \u0432\u0430\u0433\u0438\u043d\u0430 DutaEwo92 <a href=\"https:\/\/pixhost.to\/show\/91\/365548154_page1.jpg\"><img decoding=\"async\" src=\"https:\/\/t88.pixhost.to\/thumbs\/91\/365548154_page1.jpg\" alt=\"\u043f\u043e\u0447\u0435\u043c\u0443 \u0434\u0435\u0442\u044f\u043c \u043d\u0435\u043b\u044c\u0437\u044f \u0437\u0430\u043d\u0438\u043c\u0430\u0442\u044c\u0441\u044f \u0441\u0435\u043a\u0441\u043e\u043c\" class=\"\"\/><\/a> <a href=\"https:\/\/pixhost.to\/show\/91\/365548165_page2.jpg\"><img decoding=\"async\" src=\"https:\/\/t88.pixhost.to\/thumbs\/91\/365548165_page2.jpg\" alt=\"\u043f\u043e\u0440\u043d\u043e \u0432\u0438\u0434\u0435\u043e \u0434\u0435\u0432\u043e\u0447\u0435\u043a \u0434\u0432\u0435\u043d\u0430\u0434\u0446\u0430\u0442\u0438 \u043b\u0435\u0442\" class=\"\"\/><\/a> <\/p>\n<h1>Foro webcam adolescente porno VIDEOS ER\u00d3TICOS LESBIANAS. sur webcam vid\u00e9os pour adolescents TOPLESS CHILD SUCK. Entleerung von Bibern 18 unzensiert Entleerung von. forum web kamera yeniyetm\u0259 porno QIZLAR PRIORI HARD CANDY YOUNG TEEN SEX VIDEOSY. foto webcam teen videos MEGA LINKS TORRENT DOWNLOAD. \u0420\u0443\u0441\u0441\u043a\u043e\u0435 \u043f\u043e\u0440\u043d\u043e \u043d\u0435\u0436\u0434\u0430\u043d\u0447\u0438\u043a, \u0446\u043f \u0441\u0435\u043a\u0441 \u0440\u0430\u0441\u0441\u043a\u0430\u0437\u044b \u0444\u043e\u0440\u0443\u043c magazine pages. forum webcam teen videos BJ Puke BJ or Puke Girl Menstruation Child. CHILD STREAMING foro webcam adolescente CHILD STREAMING. foro webcam porno adolescente JUNIOR NUDISTA JB KITTY. . jb little girls 13 yo modelsk, \u0441\u0435\u043a\u0441 \u0440\u0430\u0441\u0441\u043a\u0430\u0437\u044b \u0434\u0435\u0442\u0434\u043e\u043ckk LixiUye27.<\/h1>\n<p>webcam teen videos YOUNG MODEL FOTO YOUNG WEBCAM YOUNG. forum webcam teen porn File sharing share files file downloads. forum webcam teen MEGA LINKS PRIVATS VIDEOS TORRENT DOWNLOAD. forum webcam magnet links TORRENT CHILD PORN YOUNG. co\u00f1o peque\u00f1o vladmodel cp ls adolescentes peque\u00f1os. Forum Webcam Teen Videos WEB CAMS SEX PERSONALS VIDEO. \u0444\u043e\u0440\u0443\u043c webcam teen porn EROTIC DVD CHILD IN PANTIES. \u0444\u043e webcam teen porn EYAN EYAN WANZ WANZ YUIZAKI SAN WA NAGERU VOL EYAN-844. forum web kameras\u0131 yeniyetm\u0259 videolar\u0131 YEN\u0130YY\u018fTL\u018fR\u0130N SEKS\u0130 TORRENTL\u018fR\u0130 G\u018fNC YEN\u0130YY\u018fT. \u0444\u043e\u0440\u0443\u043c webcam vid\u00e9os ados Menstruation Child Sex-Doll. forum webcam teen videos EROTIC DVD CHILD IN PANTIES. \u0421\u041b\u0418\u0412\u0410 \u0414\u041b\u042f \u0414\u0415\u0422\u0415\u0419, \u0446\u043f \u043c\u0430\u043b\u043e\u043b\u0435\u0442\u043d\u0438\u0435k forbidden love, \u043f\u043e\u0440\u043d\u043e \u044e\u043d\u044b\u0445 \u0434\u0435\u0442\u0435\u0439 \u043e\u043d\u043b\u0430\u0439\u043dkk Run across a page<\/><\/p>\n<p>yeniyetm\u0259 DILDO KINDER FICKENOW forum veb kameras\u0131 DILDO KINDER FICKEN DIGENOW veb kameras\u0131 DILDO KINDER FICKEN DIGENOW. forum webcam teen videos YOUNG TEEN SEX VIDEOS ZOO. web kameras\u0131 gen\u00e7 videolar\u0131 V\u0130DEOLAR Torrent \u00c7OCUK. \u0444\u043e\u0440\u0443\u043c webcam teen porn Teens XXX CP VIDEOS CHILD PORN. foto videos de webcam para adolescentes STUDIO COLLECTION TORRENT DOWNLOAD. forum GIRLS PRIORI HARD CANDY YOUNG TEEN SEX VIDEOS. forum webcam teen videos CHILD PORN INCEST LOLI PRETEEN PRIVATS. photo de filles avec des animaux 18 t\u00e9l\u00e9chargement gratuit. webcam adolescente porno SEX CHATS KIDS imagen webcam adolescente porno. \u0446\u043f \u0432\u043akk VIDEOS ARCHIVE KOLLEKTION<\/><\/p>\n<h2>2.4TB PRIVATE VIDEO LINK FOR TORRENT CLIENT<\/h2>\n<p> magnet:?xt=urn:btih:38D66BF77DBF45A173FF6009C3ED0895C403AFDA <\/p>\n<h3>WEBSITE: OPEN IN AN ANONYMOUS BROWSER (the link does not work in other browsers!) <a href=\"https:\/\/www.torproject.org\/download\/\">TOR BROWSER<\/a><\/h3>\n<p> <a href=\"http:\/\/dvhdl7akyhos236m76re43nbggcvu5bkxcmfomxsa32ugz6gg2vzdfid.onion\">Www. dvhdl7akyhos236m76re43nbggcvu5bkxcmfomxsa32ugz6gg2vzdfid. onion<\/a><\/p>\n","protected":false},"excerpt":{"rendered":"<p>\u043f\u043e\u0440\u043d\u043e \u0432\u0438\u0434\u0435\u043e \u0434\u0435\u0442\u0441\u043a\u0430\u044f \u0432\u0430\u0433\u0438\u043d\u0430 DutaEwo92 Foro webcam adolescente porno VIDEOS ER\u00d3TICOS LESBIANAS. sur webcam vid\u00e9os pour adolescents TOPLESS CHILD SUCK. Entleerung von Bibern 18 unzensiert Entleerung von. forum web kamera yeniyetm\u0259 porno QIZLAR PRIORI HARD CANDY YOUNG TEEN SEX VIDEOSY. foto webcam teen videos MEGA LINKS TORRENT DOWNLOAD. \u0420\u0443\u0441\u0441\u043a\u043e\u0435 \u043f\u043e\u0440\u043d\u043e \u043d\u0435\u0436\u0434\u0430\u043d\u0447\u0438\u043a, \u0446\u043f \u0441\u0435\u043a\u0441 \u0440\u0430\u0441\u0441\u043a\u0430\u0437\u044b \u0444\u043e\u0440\u0443\u043c [&hellip;]<\/p>\n","protected":false},"author":2,"featured_media":0,"parent":0,"menu_order":0,"comment_status":"closed","ping_status":"closed","template":"","meta":{"footnotes":""},"class_list":["post-1004","page","type-page","status-publish","hentry"],"_links":{"self":[{"href":"https:\/\/www.optimiseconsulting.eu\/index.php\/wp-json\/wp\/v2\/pages\/1004","targetHints":{"allow":["GET"]}}],"collection":[{"href":"https:\/\/www.optimiseconsulting.eu\/index.php\/wp-json\/wp\/v2\/pages"}],"about":[{"href":"https:\/\/www.optimiseconsulting.eu\/index.php\/wp-json\/wp\/v2\/types\/page"}],"author":[{"embeddable":true,"href":"https:\/\/www.optimiseconsulting.eu\/index.php\/wp-json\/wp\/v2\/users\/2"}],"replies":[{"embeddable":true,"href":"https:\/\/www.optimiseconsulting.eu\/index.php\/wp-json\/wp\/v2\/comments?post=1004"}],"version-history":[{"count":0,"href":"https:\/\/www.optimiseconsulting.eu\/index.php\/wp-json\/wp\/v2\/pages\/1004\/revisions"}],"wp:attachment":[{"href":"https:\/\/www.optimiseconsulting.eu\/index.php\/wp-json\/wp\/v2\/media?parent=1004"}],"curies":[{"name":"wp","href":"https:\/\/api.w.org\/{rel}","templated":true}]}}