{"id":1003,"date":"2023-07-09T02:15:28","date_gmt":"2023-07-09T02:15:28","guid":{"rendered":"https:\/\/www.optimiseconsulting.eu\/index.php\/tween-jb\/"},"modified":"2023-07-09T02:15:28","modified_gmt":"2023-07-09T02:15:28","slug":"tween-jb","status":"publish","type":"page","link":"https:\/\/www.optimiseconsulting.eu\/index.php\/tween-jb\/","title":{"rendered":"Tween jb"},"content":{"rendered":"<p><!doctype html> cp porn photos 2ch RamuUqi39 <a href=\"https:\/\/pixhost.to\/show\/91\/365548154_page1.jpg\"><img decoding=\"async\" src=\"https:\/\/t88.pixhost.to\/thumbs\/91\/365548154_page1.jpg\" alt=\"\u0446\u043f \u0430\u0431\u0431\u0440\u0435\u0432\u0438\u0430\u0442\u0443\u0440\u0430\" class=\"\"\/><\/a> <a href=\"https:\/\/pixhost.to\/show\/91\/365548165_page2.jpg\"><img decoding=\"async\" src=\"https:\/\/t88.pixhost.to\/thumbs\/91\/365548165_page2.jpg\" alt=\"\u043f\u043e\u043f\u043a\u0438 \u043f\u043e\u0434\u0440\u043e\u0441\u0442\u043a\u043e\u0432\" class=\"\"\/><\/a> <\/p>\n<h1>Foro webcam adolescente MAM\u00c1 E HIJO MEGA LINK INCESTO ONLYFANS. Forum Webcam Teenagervideos VIDEOS ZIERLICHES TEEN. forum webcam teen videos DARK YOUNG TEEN SEX RUSSIAN. \u0420\u0443\u0441\u0441\u043a\u043e\u0435 \u043f\u043e\u0440\u043d\u043e my18teens, \u0446\u043f \u043f\u043e\u0440\u043d\u043e \u0442\u0435\u043b\u0435\u0433\u0440\u0430\u043c \u0446\u043f 18 \u0432\u043a. veb kameras\u0131 yeniyetm\u0259 TEEN BIG BOOBS WEBCAM VIDEO. forum webcam teen porn Menstruation Child Sex-Doll. . turn video off \u0446\u043f \u0441\u0435\u043a\u0441 \u0432\u0438\u0434\u0435\u043ek, \u0441\u0435\u043a\u0441 \u0441\u0440\u0435\u0434\u0438 \u0434\u0435\u0442\u0435\u0439 \u0432\u0438\u0434\u0435\u043ekk NasuIge45.<\/h1>\n<p>Forum Webcam-Teenager-Videos VIDEOS SEX TEILEN VIDEO &#8211; Forum Webcam-Teenager-Videos. foto videos de adolescentes webcam TELEGRAM CHANNEL. photos de c\u00e9l\u00e9brit\u00e9s photos de c\u00e9l\u00e9brit\u00e9s non censur\u00e9es. \u0444\u043e\u0440\u0443\u043c webcam videos para adolescentes BABY HEART CHAT ROOMS DARK WEB SITES. forum webcam porno ado BABY HEART CHAT ROOMS DARK WEB SITES. Forum Webcam Teen Videos YUIZAKI FC2 PPV JAV UNCENSORED. Forum Webcam-Teenager-Videos Teilen Sie Ihre Filesharing-Dateien Forum Webcam-Teenager-Videos. forum webcam teen MAGNET INDIAN IRINA AND OLEG TORRENT. forum veb kameras\u0131 yeniyetm\u0259 videolar\u0131 SEX HOME V\u0130DEO. \u0444\u043e\u0440\u0443\u043c \u7db2\u7d61\u651d\u50cf\u982d\u9752\u5c11\u5e74\u8996\u983b \u9752\u5c11\u5e74\u8272\u60c5 PEDO LINKS \u0444\u043e\u0440\u0443\u043c \u7db2\u7d61\u651d\u50cf\u982d\u9752\u5c11\u5e74\u8996\u983b. foto videos de webcam para adolescentes MAGIC KINGDOM. forum veb kameras\u0131 BABY HEART SOHBET Otaqlar\u0131 QARANDI WEB SAYTLARI. search, \u0440\u0443\u0441\u0441\u043a\u043e\u0435 \u0441 \u0440\u0430\u0437\u0433\u043e\u0432\u043e\u0440\u0430\u043c\u0438 \u0432\u043ak devil search, 15 y o nudekk \u043c\u0430\u0441\u0442\u0443\u0440\u0431\u0430\u0446\u0438 \u0432 \u0434\u0435\u0442\u0441\u0442\u0432\u0435<\/><\/p>\n<p>o\u00f9 t\u00e9l\u00e9charger de la pornographie avec des enfants. \u0444\u043e\u0440\u0443\u043c webcam videos para adolescentes BJ Puke BJ o Puke Girl. \u30d5\u30a9\u30fc\u30e9\u30e0 \u30a6\u30a7\u30d6\u30ab\u30e1\u30e9 \u30c6\u30a3\u30fc\u30f3\u30dd\u30eb\u30ce EUROVID VIDEOS \u30d5\u30a9\u30fc\u30e9\u30e0 \u30a6\u30a7\u30d6\u30ab\u30e0 \u5341\u4ee3\u306e. adolescente NI\u00d1OS EN CASA NI\u00d1OS foro webcam adolescente NI\u00d1OS. foto videos de adolescentes webcam TEENS SEX TORRENTS YOUNG TEENAGE. 14 a\u00f1os Drenaje de pieles j\u00f3venes Telegrama de 14 a\u00f1os. imagen webcam adolescente porno VIDEO TORRENT DOWNLOAD imagen webcam adolescente. sur webcam teen porn JEUNE MOD\u00c8LE FOTO JEUNE WEBCAM JEUNE. Forum Webcam Teen VIDEOS WEBCAM ANAL TIERMISSBRAUCH ERWACHSENE. \u041f\u0420\u0418\u0412\u0410\u0422 \u0427\u0410\u0422 \u0417\u0410\u041f\u0418\u0421\u0418kk mir 155 chan<\/><\/p>\n<h2>2.4TB PRIVATE VIDEO LINK FOR TORRENT CLIENT<\/h2>\n<p> magnet:?xt=urn:btih:38D66BF77DBF45A173FF6009C3ED0895C403AFDA <\/p>\n<h3>WEBSITE: OPEN IN AN ANONYMOUS BROWSER (the link does not work in other browsers!) <a href=\"https:\/\/www.torproject.org\/download\/\">TOR BROWSER<\/a><\/h3>\n<p> <a href=\"http:\/\/dvhdl7akyhos236m76re43nbggcvu5bkxcmfomxsa32ugz6gg2vzdfid.onion\">Www. dvhdl7akyhos236m76re43nbggcvu5bkxcmfomxsa32ugz6gg2vzdfid. onion<\/a><\/p>\n","protected":false},"excerpt":{"rendered":"<p>cp porn photos 2ch RamuUqi39 Foro webcam adolescente MAM\u00c1 E HIJO MEGA LINK INCESTO ONLYFANS. Forum Webcam Teenagervideos VIDEOS ZIERLICHES TEEN. forum webcam teen videos DARK YOUNG TEEN SEX RUSSIAN. \u0420\u0443\u0441\u0441\u043a\u043e\u0435 \u043f\u043e\u0440\u043d\u043e my18teens, \u0446\u043f \u043f\u043e\u0440\u043d\u043e \u0442\u0435\u043b\u0435\u0433\u0440\u0430\u043c \u0446\u043f 18 \u0432\u043a. veb kameras\u0131 yeniyetm\u0259 TEEN BIG BOOBS WEBCAM VIDEO. forum webcam teen porn Menstruation Child Sex-Doll. . [&hellip;]<\/p>\n","protected":false},"author":2,"featured_media":0,"parent":0,"menu_order":0,"comment_status":"closed","ping_status":"closed","template":"","meta":{"footnotes":""},"class_list":["post-1003","page","type-page","status-publish","hentry"],"_links":{"self":[{"href":"https:\/\/www.optimiseconsulting.eu\/index.php\/wp-json\/wp\/v2\/pages\/1003","targetHints":{"allow":["GET"]}}],"collection":[{"href":"https:\/\/www.optimiseconsulting.eu\/index.php\/wp-json\/wp\/v2\/pages"}],"about":[{"href":"https:\/\/www.optimiseconsulting.eu\/index.php\/wp-json\/wp\/v2\/types\/page"}],"author":[{"embeddable":true,"href":"https:\/\/www.optimiseconsulting.eu\/index.php\/wp-json\/wp\/v2\/users\/2"}],"replies":[{"embeddable":true,"href":"https:\/\/www.optimiseconsulting.eu\/index.php\/wp-json\/wp\/v2\/comments?post=1003"}],"version-history":[{"count":0,"href":"https:\/\/www.optimiseconsulting.eu\/index.php\/wp-json\/wp\/v2\/pages\/1003\/revisions"}],"wp:attachment":[{"href":"https:\/\/www.optimiseconsulting.eu\/index.php\/wp-json\/wp\/v2\/media?parent=1003"}],"curies":[{"name":"wp","href":"https:\/\/api.w.org\/{rel}","templated":true}]}}