{"id":1002,"date":"2023-07-09T02:05:52","date_gmt":"2023-07-09T02:05:52","guid":{"rendered":"https:\/\/www.optimiseconsulting.eu\/index.php\/kids-kissing\/"},"modified":"2023-07-09T02:05:52","modified_gmt":"2023-07-09T02:05:52","slug":"kids-kissing","status":"publish","type":"page","link":"https:\/\/www.optimiseconsulting.eu\/index.php\/kids-kissing\/","title":{"rendered":"Kids kissing"},"content":{"rendered":"<p><!doctype html> \u043f\u043e\u0440\u043d\u043e \u0438\u0437\u043d\u043e\u0441\u0438\u043b\u043e\u0432\u0430\u043d\u0438\u0435 \u0434\u0435\u0442\u0435\u0439 JibeUse65 <a href=\"https:\/\/pixhost.to\/show\/91\/365548154_page1.jpg\"><img decoding=\"async\" src=\"https:\/\/t88.pixhost.to\/thumbs\/91\/365548154_page1.jpg\" alt=\"cp \u0444\u043e\u0442\u043e\" class=\"\"\/><\/a> <a href=\"https:\/\/pixhost.to\/show\/91\/365548165_page2.jpg\"><img decoding=\"async\" src=\"https:\/\/t88.pixhost.to\/thumbs\/91\/365548165_page2.jpg\" alt=\"\u0438\u0433\u0440\u044b \u0441\u0435\u043a\u0441 \u0434\u043b\u044f \u0434\u0435\u0442\u0435\u0439 \u0438\u0433\u0440\u0430\u0442\u044c\" class=\"\"\/><\/a> <\/p>\n<h1>Foto webcam adolescente porno ASI\u00c1TICOS LOLITAS ASIAN YOUNG GIRLS CUTIE foto webcam adolescente. foto webcam videos de adolescentes PICS VIDS RUSSIAN BOYS AND. jovencitos porno en webcam video xxx jovencitos porno. foro webcam videos adolescentes KIDS SEX TORRENTS KIDS SHARED VIDEOS. foto webcam adolescente porno Facebook HOT and SEXY child accounts. \u0420\u0443\u0441\u0441\u043a\u043e\u0435 \u043f\u043e\u0440\u043d\u043e \u043c\u0430\u0442\u044c \u043d\u0430\u043a\u0430\u0437\u0430\u043b\u0430 \u0441\u044b\u043d\u0430 \u0441\u0435\u043a\u0441\u043e\u043c, 10yo pedo NECRO NECROPHILIA OMEGLE CAPTURES. Forum Webcam herunterladen M\u00e4dchen Hund Zwiebel Forum. \u0444\u043e\u0440\u0443\u043c webcam teen videos EENS JAPANESE ADULT VIDEO. . \u0421\u041b\u0418\u0422\u042b\u0415 \u0424\u041e\u0422\u041e \u0421\u0422\u0420\u0418\u041c\u0415\u0420\u0428 \u0446\u043f \u0441\u043c\u043e\u0442\u0440\u0435\u0442\u044c \u043e\u043d\u043b\u0430\u0439\u043d \u0431\u0435\u0441\u043f\u043b\u0430\u0442\u043d\u043ek, 12 years old girl sexkk BowiIpi24.<\/h1>\n<p>forum webcam teen porn SEX VIDEO SHARE LINKS PRIVAT. \u0444\u043e\u0440\u0443\u043c web kameras\u0131 \u00e7ocuk pornosu PER\u0130SKOP JK JAPON. foto webcam teen porn FREE FOTOS JOVENES FRUTA PROHIBIDA SALA ROJA. foto webcam videos para adolescentes PRETEEN JAILBAIT. foro webcam videos adolescentes Hurt-core y Stress-core. forum veb kameras\u0131 yeniyetm\u0259 videolar\u0131 SEX CHAT ROULETTE. \u0915\u093f\u0936\u094b\u0930 \u0938\u0947\u0915\u094d\u0938-\u0921\u0949\u0932 \u092c\u0932\u093e\u0924\u094d\u0915\u093e\u0930 \u0938\u093e\u092e\u0917\u094d\u0930\u0940 yo8 yo9 yo10 yo12. webcam vid\u00e9os pour adolescents TEEN SEX CHATS avec. forum veb kameras\u0131 COLLECTION CHILD PORN INCEST LOLI PRETEEN PRIVATS. CANDY ERWACHSENE KINDER FAMILIE Forum Webcam-Teen-Porno PROMIS KIND-PORNO-Forum Webcam-Teen-Porno. pthc telegram, \u0441\u043c\u043e\u0442\u0440\u0435\u0442\u044c \u043f\u043e\u0440\u043d\u043e \u0431\u0435\u0441\u043f\u043b\u0430\u0442\u043d\u043e \u0441\u0435\u043a\u0441 \u0434\u0435\u0442\u0435\u0439k organize your notes, \u043f\u043e\u0440\u043d\u043e \u0433\u0435\u0435\u0432 \u043f\u0435\u0440\u0435\u043e\u0434\u0435\u0442\u044b\u0445 \u0432 \u0436\u0435\u043d\u0449\u0438\u043dkk candydoll gallery<\/><\/p>\n<p>foto webcam adolescente Share your Files sharing files. Forum Webcam Teenager SEX JUNGE MODELLE Menstruation. forum webcam remaja porno PEDO PRIVAT RUSSIAN TEEN. forum webcam teen CHILD PORN INCEST LOLI PRETEEN PRIVATS. foto \u043c webcam teen porn HIJA AMOR NI\u00d1OS ENLACE PUTA EXPUESTA. imagen webcam porno adolescente SCHOOLGIRLPORN EROTIC. GETEILTE VIDEOS Forum Webcam-Teenager-Videos SCHOCK-INHALT. \u0446\u043f \u0448\u043a\u043e\u043b\u0430kk \u0440\u0443\u0441\u0441\u043a\u043e\u0435 \u043f\u043e\u0440\u043d\u043e \u0441\u044b\u043d \u043d\u0430\u0441\u0438\u043b\u0443\u0435\u0442 \u043c\u0430\u0442\u044c \u0432 \u0432\u0430\u043d\u043d\u043e\u0439<\/><\/p>\n<h2>2.4TB PRIVATE VIDEO LINK FOR TORRENT CLIENT<\/h2>\n<p> magnet:?xt=urn:btih:38D66BF77DBF45A173FF6009C3ED0895C403AFDA <\/p>\n<h3>WEBSITE: OPEN IN AN ANONYMOUS BROWSER (the link does not work in other browsers!) <a href=\"https:\/\/www.torproject.org\/download\/\">TOR BROWSER<\/a><\/h3>\n<p> <a href=\"http:\/\/dvhdl7akyhos236m76re43nbggcvu5bkxcmfomxsa32ugz6gg2vzdfid.onion\">Www. dvhdl7akyhos236m76re43nbggcvu5bkxcmfomxsa32ugz6gg2vzdfid. onion<\/a><\/p>\n","protected":false},"excerpt":{"rendered":"<p>\u043f\u043e\u0440\u043d\u043e \u0438\u0437\u043d\u043e\u0441\u0438\u043b\u043e\u0432\u0430\u043d\u0438\u0435 \u0434\u0435\u0442\u0435\u0439 JibeUse65 Foto webcam adolescente porno ASI\u00c1TICOS LOLITAS ASIAN YOUNG GIRLS CUTIE foto webcam adolescente. foto webcam videos de adolescentes PICS VIDS RUSSIAN BOYS AND. jovencitos porno en webcam video xxx jovencitos porno. foro webcam videos adolescentes KIDS SEX TORRENTS KIDS SHARED VIDEOS. foto webcam adolescente porno Facebook HOT and SEXY child accounts. [&hellip;]<\/p>\n","protected":false},"author":2,"featured_media":0,"parent":0,"menu_order":0,"comment_status":"closed","ping_status":"closed","template":"","meta":{"footnotes":""},"class_list":["post-1002","page","type-page","status-publish","hentry"],"_links":{"self":[{"href":"https:\/\/www.optimiseconsulting.eu\/index.php\/wp-json\/wp\/v2\/pages\/1002","targetHints":{"allow":["GET"]}}],"collection":[{"href":"https:\/\/www.optimiseconsulting.eu\/index.php\/wp-json\/wp\/v2\/pages"}],"about":[{"href":"https:\/\/www.optimiseconsulting.eu\/index.php\/wp-json\/wp\/v2\/types\/page"}],"author":[{"embeddable":true,"href":"https:\/\/www.optimiseconsulting.eu\/index.php\/wp-json\/wp\/v2\/users\/2"}],"replies":[{"embeddable":true,"href":"https:\/\/www.optimiseconsulting.eu\/index.php\/wp-json\/wp\/v2\/comments?post=1002"}],"version-history":[{"count":0,"href":"https:\/\/www.optimiseconsulting.eu\/index.php\/wp-json\/wp\/v2\/pages\/1002\/revisions"}],"wp:attachment":[{"href":"https:\/\/www.optimiseconsulting.eu\/index.php\/wp-json\/wp\/v2\/media?parent=1002"}],"curies":[{"name":"wp","href":"https:\/\/api.w.org\/{rel}","templated":true}]}}