{"id":1001,"date":"2023-07-09T01:56:12","date_gmt":"2023-07-09T01:56:12","guid":{"rendered":"https:\/\/www.optimiseconsulting.eu\/index.php\/forum-stickam\/"},"modified":"2023-07-09T01:56:12","modified_gmt":"2023-07-09T01:56:12","slug":"forum-stickam","status":"publish","type":"page","link":"https:\/\/www.optimiseconsulting.eu\/index.php\/forum-stickam\/","title":{"rendered":"Forum stickam"},"content":{"rendered":"<p><!doctype html> cp boys QipaOne38 <a href=\"https:\/\/pixhost.to\/show\/91\/365548154_page1.jpg\"><img decoding=\"async\" src=\"https:\/\/t88.pixhost.to\/thumbs\/91\/365548154_page1.jpg\" alt=\"onion link\" class=\"\"\/><\/a> <a href=\"https:\/\/pixhost.to\/show\/91\/365548165_page2.jpg\"><img decoding=\"async\" src=\"https:\/\/t88.pixhost.to\/thumbs\/91\/365548165_page2.jpg\" alt=\"\u043f\u043e\u043f\u043a\u0438 \u0448\u043a\u043e\u043b\u044c\u043d\u0438\u0446 \u0447\u0430\u0441\u0442\u043d\u043e\u0435\" class=\"\"\/><\/a> <\/p>\n<h1>Photos de stars divulgu\u00e9es par des pirates nouvelles. forum webcam teen MAGNET LINKS CP HEBE OMEGLE VIDS. Forum Webcam-Teen-Porno PUSSY YOUNG BIG TITS YOUNG BLOWJOB Forum Webcam-Teen-Porno. Forum Webcam-Teen-Porno FAMILIE SEX KOSTENLOS PTHC GIRL MP4. forum AMATEUR GIRL PHOTO ADULT ART MODELING STUDIO. \u0420\u0443\u0441\u0441\u043a\u043e\u0435 \u043f\u043e\u0440\u043d\u043e \u043c\u0430\u0442\u044c \u0438 \u0441\u044b\u043d \u0441 \u0440\u0430\u0437\u0433\u043e\u0432\u043e\u0440\u0430\u043c\u0438, \u043c\u0430\u0441\u0442\u0443\u0440\u0431\u0430\u0446\u0438\u044f \u0434\u0435\u0442\u0435\u0439 \u0444\u043e\u0442\u043e bonanza. von Kindern Kostenlosen Pornos von Kindern ansehen Kostenlosen Kinderpornos ansehen. porno de petites filles photos porno de petites filles porno de petites filles. . jzzm mylove board schoolgirlsk, cp mummy edit forumskk ZuqaUja49.<\/h1>\n<p>des cams en direct cams en direct de prague cams en direct en ligne. forum webcam teen videos YOUNG PORN TORRENTS COLLEGE PORN VIDEOS. descargar torrent japon\u00e9s chicas calientes traje de ba\u00f1o de l\u00e1tex. Forumu web kamera yeniyetm\u0259 porno LOLICON SHOTACON SHOTA. durchgesickerte Fotos von Yulia Gavrilina, durchgesickerte Fotos. videos videos de adolescentes webcam PTHC TODDLERCON videos. forum veb kameras\u0131 yeniyetm\u0259 videolar\u0131 SEX KITTY forum L\u0130NKL\u018fR PRIVAT. foto webcam adolescente porno FUCKING VIRGEN PUSSY VIDEOS. foto webcam adolescente FETISH WEBCAM HARD CANDY HOT TEEN LOLITA foto. avec webcam vid\u00e9os pour adolescents Fantasia Models avec. Forum Webcam Teenager EXPLOIT KITS HURTCORE EXPLOITS. \u0444\u043e\u0440\u0443\u043c webcam teen videos FUCKING VIRGIN PUSSY VIDEOS. jailbait 8 y o, 9yo vickyk Secret Archives, \u0446\u043f \u0434\u0435\u0442\u0441\u043a\u0430\u044f \u043c\u043e\u0434\u0430 \u0432 \u0442\u0435\u043b\u0435\u0433\u0440\u0430\u043c\u043c\u0435kk jailbait stickam vids<\/><\/p>\n<p>photo de mecs et d&#8217;hommes en solo eurocreme studio. foto webcam adolescente porno Sex-Doll Rape content yo8 yo9 yo10 yo12. forum webcam yeniyetm\u0259 porno FUCKING MY TEEN HAIRY. \u0444\u043e\u0440\u0443\u043c web kameras\u0131 gen\u00e7 pornosu NECRO NECROPHILIA OMEGLE CAPTURES. forum webcam adolescent ASIAN LOLITAS ASIAN YOUNG GIRLS CUTIE. Porno PRETEEN PRIVATS Forum Webcam-Teen-Porno PRETEEN GETEILTE VIDEOS. ansehen Sex Kinder Online-Pornos ansehen Russische Kinder. Porno PRETEEN PRIVATS Forum Webcam-Teen-Porno PRETEEN GETEILTE VIDEOS. forum webcam LITTLE GIRL PEDOMOM PEDOFAMILY YOUNG GIRLS. cp archivekk candydoll nn<\/><\/p>\n<h2>2.4TB PRIVATE VIDEO LINK FOR TORRENT CLIENT<\/h2>\n<p> magnet:?xt=urn:btih:38D66BF77DBF45A173FF6009C3ED0895C403AFDA <\/p>\n<h3>WEBSITE: OPEN IN AN ANONYMOUS BROWSER (the link does not work in other browsers!) <a href=\"https:\/\/www.torproject.org\/download\/\">TOR BROWSER<\/a><\/h3>\n<p> <a href=\"http:\/\/dvhdl7akyhos236m76re43nbggcvu5bkxcmfomxsa32ugz6gg2vzdfid.onion\">Www. dvhdl7akyhos236m76re43nbggcvu5bkxcmfomxsa32ugz6gg2vzdfid. onion<\/a><\/p>\n","protected":false},"excerpt":{"rendered":"<p>cp boys QipaOne38 Photos de stars divulgu\u00e9es par des pirates nouvelles. forum webcam teen MAGNET LINKS CP HEBE OMEGLE VIDS. Forum Webcam-Teen-Porno PUSSY YOUNG BIG TITS YOUNG BLOWJOB Forum Webcam-Teen-Porno. Forum Webcam-Teen-Porno FAMILIE SEX KOSTENLOS PTHC GIRL MP4. forum AMATEUR GIRL PHOTO ADULT ART MODELING STUDIO. \u0420\u0443\u0441\u0441\u043a\u043e\u0435 \u043f\u043e\u0440\u043d\u043e \u043c\u0430\u0442\u044c \u0438 \u0441\u044b\u043d \u0441 \u0440\u0430\u0437\u0433\u043e\u0432\u043e\u0440\u0430\u043c\u0438, \u043c\u0430\u0441\u0442\u0443\u0440\u0431\u0430\u0446\u0438\u044f \u0434\u0435\u0442\u0435\u0439 [&hellip;]<\/p>\n","protected":false},"author":2,"featured_media":0,"parent":0,"menu_order":0,"comment_status":"closed","ping_status":"closed","template":"","meta":{"footnotes":""},"class_list":["post-1001","page","type-page","status-publish","hentry"],"_links":{"self":[{"href":"https:\/\/www.optimiseconsulting.eu\/index.php\/wp-json\/wp\/v2\/pages\/1001","targetHints":{"allow":["GET"]}}],"collection":[{"href":"https:\/\/www.optimiseconsulting.eu\/index.php\/wp-json\/wp\/v2\/pages"}],"about":[{"href":"https:\/\/www.optimiseconsulting.eu\/index.php\/wp-json\/wp\/v2\/types\/page"}],"author":[{"embeddable":true,"href":"https:\/\/www.optimiseconsulting.eu\/index.php\/wp-json\/wp\/v2\/users\/2"}],"replies":[{"embeddable":true,"href":"https:\/\/www.optimiseconsulting.eu\/index.php\/wp-json\/wp\/v2\/comments?post=1001"}],"version-history":[{"count":0,"href":"https:\/\/www.optimiseconsulting.eu\/index.php\/wp-json\/wp\/v2\/pages\/1001\/revisions"}],"wp:attachment":[{"href":"https:\/\/www.optimiseconsulting.eu\/index.php\/wp-json\/wp\/v2\/media?parent=1001"}],"curies":[{"name":"wp","href":"https:\/\/api.w.org\/{rel}","templated":true}]}}