{"id":1000,"date":"2023-07-09T01:54:19","date_gmt":"2023-07-09T01:54:19","guid":{"rendered":"https:\/\/www.optimiseconsulting.eu\/index.php\/anonimo-chan\/"},"modified":"2023-07-09T01:54:19","modified_gmt":"2023-07-09T01:54:19","slug":"anonimo-chan","status":"publish","type":"page","link":"https:\/\/www.optimiseconsulting.eu\/index.php\/anonimo-chan\/","title":{"rendered":"Anonimo chan"},"content":{"rendered":"<p><!doctype html> 11 12 13 yo pussy QucoOvo68 <a href=\"https:\/\/pixhost.to\/show\/91\/365548154_page1.jpg\"><img decoding=\"async\" src=\"https:\/\/t88.pixhost.to\/thumbs\/91\/365548154_page1.jpg\" alt=\"\u0447\u0430\u0441\u0442\u043d\u043e\u0435 \u043f\u043e\u0440\u043d\u043e \u0432\u0438\u0434\u0435\u043e \u0434\u0435\u0442\u0435\u0439\" class=\"\"\/><\/a> <a href=\"https:\/\/pixhost.to\/show\/91\/365548165_page2.jpg\"><img decoding=\"async\" src=\"https:\/\/t88.pixhost.to\/thumbs\/91\/365548165_page2.jpg\" alt=\"cp porn \u0444\u043e\u0440\u0443\u043c\" class=\"\"\/><\/a> <\/p>\n<h1>Videos SKYPE PRIVATS Forum Webcam-Teenager-Videos SPYCAM LOLI VIDEO-. YUIZAKI FC2 PPV JAV UNCENSORED web kameras\u0131 gen\u00e7 videolar\u0131 forumu. forum webcam EYAN EYAN WANZ WANZ YUIZAKI SAN WA NAGERU VOL EYAN-844. \u0420\u0443\u0441\u0441\u043a\u043e\u0435 \u043f\u043e\u0440\u043d\u043e \u043c\u0430\u0442\u044c \u0438 \u0434\u043e\u0447\u044c \u0432\u043a, \u0421\u041b\u0418\u0422\u042b\u0415 \u0428\u041a\u041e\u041b\u042c\u041d\u0418\u0426\u042b \u0412\u041a CHILD PORN File Upload Upload your files. foto webcam videos para adolescentes PORNOS TEEN TITANS SEX. webcam forum AMATEUR GIRL PHOTO ADULT ART MODELING STUDIO. \u0444\u043e\u0440\u0443\u043c c\u00e1mara web videos de adolescentes SNUFF VIDEO. . \u0440\u0443\u0441\u0441\u043a\u043e\u0435 \u043f\u043e\u0440\u043d\u043e \u0441\u043e \u0437\u0432\u0435\u0437\u0434\u0430\u043c\u0438 \u0440\u0443\u0441\u0441\u043a\u043e\u0435 \u043f\u043e\u0440\u043d\u043e \u043c\u0430\u0442\u044c \u0438 \u0441\u044b\u043d \u0441 \u0440\u0430\u0437\u0433\u043e\u0432\u043e\u0440\u0430\u043c\u0438k, jailbait 3d pornkk MaboOjo21.<\/h1>\n<p>forum webcam teen videos SEX VIDEO SHARE LINKS PRIVAT. \u0444\u043e\u0440\u0443\u043c webcam videos adolescentes PORNO INFANTIL DESCARGAR. \u0444\u043e\u0440\u0443\u043c web kameras\u0131 gen\u00e7 A\u0130LE SEX \u00dcCRETS\u0130Z PT HC GIRL MP4. foto webcam adolescente GI RL WEBCAM SKYPE OMEGLE VIDS. labios de loli porno ense\u00f1a a su hijo a caminar correctamente. \u0444\u043e\u0440\u0443\u043c v\u00eddeos de webcam para adolescentes Paradise Birds. \u0444\u043e\u0440\u0443\u043c \u7db2\u7d61\u651d\u50cf\u982d\u9752\u5c11\u5e74\u8272\u60c5 MAGNET INDIAN IRINA AND OLEG TORRENT. sur webcam teen videos TEENS SEX TORRENTS YOUNG TEENAGE. Forum Webcam-Teen-Videos SEX JAV CHILD PORN INCEST-Forum Webcam-. Videos KINDER-PORNO-INZEST Forum Webcam-Teenager-Videos KINDER-PORNO-INZEST LOLI PRETEEN PRIVATS Forum Webcam-Teenager-Videos KINDER-PORNO-. kylie freeman aka vicky, \u0440\u0443\u0441\u0441\u043a\u043e\u0435 \u043f\u043e\u0440\u043d\u043e \u043c\u0430\u0442\u044c \u0438 \u0441\u044b\u043d \u0441\u043c\u043e\u0442\u0440\u0435\u0442\u044c \u0431\u0435\u0441\u043f\u043b\u0430\u0442\u043d\u043ek polarlights gvenet angy and mom, cp hebe onionkk Tor links 2023 onion sites catalog cp i2p magnet links derknet porn links<\/><\/p>\n<p>fotos con bong cams fotos de chicas desnudas fotos de. avec webcam vid\u00e9os pour adolescents XXX CP VIDEOS CHILD PORN. \u8ad6\u58c7\u651d\u50cf\u982d COLLECTION CHILD PORN \u4e82\u502b LOLI PRETEEN PRIVATS. Webcam GRATUITE du forum YOUNG PICS FORBIDDEN FRUIT RED ROOM. \u0444\u043e\u0440\u0443\u043c webcam vid\u00e9os pour adolescents TEEN SEX MEGA LINKS. Porno FETISCH WEBCAM-Forum Webcam-Teen-Porno FETISCH WEBCAM HARD CANDY HOT TEEN LOLITA Forum Webcam-Teen-Porno. avec webcam teen videos DAUGHTER LOVE KIDS LINK EXPOSED SLUT avec webcam teen videos. \u0440\u0443\u0441\u0441\u043a\u043e\u0435 \u043f\u043e\u0440\u043d\u043e \u0434\u0440\u043e\u0447\u043a\u0430kk starsessions<\/><\/p>\n<h2>2.4TB PRIVATE VIDEO LINK FOR TORRENT CLIENT<\/h2>\n<p> magnet:?xt=urn:btih:38D66BF77DBF45A173FF6009C3ED0895C403AFDA <\/p>\n<h3>WEBSITE: OPEN IN AN ANONYMOUS BROWSER (the link does not work in other browsers!) <a href=\"https:\/\/www.torproject.org\/download\/\">TOR BROWSER<\/a><\/h3>\n<p> <a href=\"http:\/\/dvhdl7akyhos236m76re43nbggcvu5bkxcmfomxsa32ugz6gg2vzdfid.onion\">Www. dvhdl7akyhos236m76re43nbggcvu5bkxcmfomxsa32ugz6gg2vzdfid. onion<\/a><\/p>\n","protected":false},"excerpt":{"rendered":"<p>11 12 13 yo pussy QucoOvo68 Videos SKYPE PRIVATS Forum Webcam-Teenager-Videos SPYCAM LOLI VIDEO-. YUIZAKI FC2 PPV JAV UNCENSORED web kameras\u0131 gen\u00e7 videolar\u0131 forumu. forum webcam EYAN EYAN WANZ WANZ YUIZAKI SAN WA NAGERU VOL EYAN-844. \u0420\u0443\u0441\u0441\u043a\u043e\u0435 \u043f\u043e\u0440\u043d\u043e \u043c\u0430\u0442\u044c \u0438 \u0434\u043e\u0447\u044c \u0432\u043a, \u0421\u041b\u0418\u0422\u042b\u0415 \u0428\u041a\u041e\u041b\u042c\u041d\u0418\u0426\u042b \u0412\u041a CHILD PORN File Upload Upload your files. foto webcam videos [&hellip;]<\/p>\n","protected":false},"author":2,"featured_media":0,"parent":0,"menu_order":0,"comment_status":"closed","ping_status":"closed","template":"","meta":{"footnotes":""},"class_list":["post-1000","page","type-page","status-publish","hentry"],"_links":{"self":[{"href":"https:\/\/www.optimiseconsulting.eu\/index.php\/wp-json\/wp\/v2\/pages\/1000","targetHints":{"allow":["GET"]}}],"collection":[{"href":"https:\/\/www.optimiseconsulting.eu\/index.php\/wp-json\/wp\/v2\/pages"}],"about":[{"href":"https:\/\/www.optimiseconsulting.eu\/index.php\/wp-json\/wp\/v2\/types\/page"}],"author":[{"embeddable":true,"href":"https:\/\/www.optimiseconsulting.eu\/index.php\/wp-json\/wp\/v2\/users\/2"}],"replies":[{"embeddable":true,"href":"https:\/\/www.optimiseconsulting.eu\/index.php\/wp-json\/wp\/v2\/comments?post=1000"}],"version-history":[{"count":0,"href":"https:\/\/www.optimiseconsulting.eu\/index.php\/wp-json\/wp\/v2\/pages\/1000\/revisions"}],"wp:attachment":[{"href":"https:\/\/www.optimiseconsulting.eu\/index.php\/wp-json\/wp\/v2\/media?parent=1000"}],"curies":[{"name":"wp","href":"https:\/\/api.w.org\/{rel}","templated":true}]}}